{"id":11907,"date":"2026-04-10T06:54:59","date_gmt":"2026-04-10T04:54:59","guid":{"rendered":"https:\/\/femprocomuns.coop\/?page_id=11907"},"modified":"2026-04-10T06:54:59","modified_gmt":"2026-04-10T04:54:59","slug":"guia-joven-de-herramientas-tecnoeticas","status":"publish","type":"page","link":"https:\/\/femprocomuns.coop\/es\/guia-joven-de-herramientas-tecnoeticas\/","title":{"rendered":"Gu\u00eda joven de herramientas tecno\u00e9ticas"},"content":{"rendered":"<h4>Elaborada conjuntamente por La Escuela libre el Sol y femProcomuns la&#8221;Gu\u00eda joven de herramientas tecno\u00e9ticas&#8221; ofrece elementos para la reflexi\u00f3n sobre el uso que hacemos de las tecnolog\u00edas, la apropiaci\u00f3n de las herramientas digitales por parte de las grandes corporaciones del capitalismo de vigilancia y las alternativas que ya tenemos para hacerle frente.<\/h4>\n<p>La Gu\u00eda quiere ser una herramienta de trabajo para la juventud organizada, tanto para monitores de grupos de<em> esplai<\/em> y agrupamientos como para grupos auto-organizados. Aporta elementos para conocer c\u00f3mo el capitalismo de vigilancia controla las herramientas que utilizamos y utiliza nuestros datos, para reflexionar sobre el uso que hacemos de las tecnolog\u00edas y c\u00f3mo podemos proveernos de forma alternativa. Se ha procurado que sea una gu\u00eda amable, visual y f\u00e1cil de seguir. No tiene grandes p\u00e1rrafos, pero s\u00ed muchas referencias y enlaces a art\u00edculos, noticias y v\u00eddeos para quien desee profundizar.<\/p>\n<h2>Contenidos de la Gu\u00eda<\/h2>\n<p>La gu\u00eda comienza con una introducci\u00f3n que incluye un test para ver qu\u00e9 sabemos de entrada sobre lo explicado. Es un test que tambi\u00e9n puede ser utilizado en los grupos de j\u00f3venes, como un punto de partida para la informaci\u00f3n y la reflexi\u00f3n. A continuaci\u00f3n se encuentra una parte de <strong>sensibilizaci\u00f3n y denuncia<\/strong> que expone algunas cuestiones sobre el <strong>capitalismo de vigilancia<\/strong>: se lucra con los datos (somos su producto y materia prima), no es una tecnolog\u00eda, sino una forma de mercado (google no es internet), vulnera nuestros derechos, tiene mecanismos para no ser se\u00f1alado, ha adquirido un poder desorbitado y est\u00e1 liderado por hombres ricos. Para combatir a las corporaciones del capitalismo de vigilancia (GAFAM) la gu\u00eda ofrece <strong>argumentos desde 6 ejes de la justicia global<\/strong>: justicia econ\u00f3mica y social, justicia ambiental, interculturalidad cr\u00edtica, perspectiva feminista, relaciones de poder, derechos humanos y gobernanza y paz y no-violencia; lo hace a partir de referencias de prensa que muestran el contraste de estos ejes con las pr\u00e1cticas de los <strong>gigantes tecnol\u00f3gicos<\/strong>.<\/p>\n<p>Pero sobre todo, esta gu\u00eda quiere mostrar que <strong>la sumisi\u00f3n<\/strong> al capitalismo de vigilancia <strong>no es inevitable<\/strong>. Por eso se aporta informaci\u00f3n sobre qu\u00e9 es un programa inform\u00e1tico y las diferencias entre el software libre y el privativo para, a continuaci\u00f3n, explicar c\u00f3mo el abastecimiento de tecnolog\u00eda puede y est\u00e1 siendo organizado de forma <strong>alternativa<\/strong>, desde una aproximaci\u00f3n <strong>tecno\u00e9tica<\/strong>. Se presentan algunas herramientas que pueden ser \u00fatiles para resolver necesidades de la juventud organizada y la forma de abastecerse a Catalu\u00f1a, a partir del abastecimiento mancomunado colectivo con <a href=\"https:\/\/somnuvol.coop\/\" target=\"_blank\" rel=\"noopener\">SomosNube<\/a> o <a href=\"https:\/\/laweb.pangea.org\/\" target=\"_blank\" rel=\"noopener\">Pangea<\/a> o a trav\u00e9s de distintas cooperativas tecnol\u00f3gicas.<\/p>\n<p>Esta parte de sensibilizaci\u00f3n y presentaci\u00f3n de alternativas se completa con una mirada desde la <strong>perspectiva de los y las j\u00f3venes<\/strong> y, especialmente, de aquellas que tienen un rol de <strong>educadoras<\/strong> de otros j\u00f3venes. Se invita a hacer una reflexi\u00f3n conjunta y se presentan algunas cosas que se pueden cambiar en lo que se refiere al uso de las tecnolog\u00edas. La gu\u00eda se completa con algunas &#8220;<strong>preguntas frecuentes<\/strong>&#8220;, un <strong>glosario<\/strong> de t\u00e9rminos y unas <strong>recomendaciones bibliogr\u00e1ficas<\/strong> que completan las referencias que se han ido aportando.<\/p>\n<h4>\u00cdndice de la gu\u00eda<\/h4>\n<ol>\n<li>Introducci\u00f3n<\/li>\n<li>Sensibilizaci\u00f3n y denuncia<\/li>\n<li>Para combatir las GAFAM<\/li>\n<li>Herramientas digitales<\/li>\n<li>Apuestas tecno\u00e9ticas<\/li>\n<li>\u00bfY nosotros, como j\u00f3venes y educadoras?<\/li>\n<li>Preguntas frecuentes<\/li>\n<li>Glosario<\/li>\n<li>Bibliograf\u00eda<\/li>\n<\/ol>\n<div id=\"kad-wp-gallery21\" class=\"kad-wp-gallery kad-light-wp-gallery clearfix kt-gallery-column-4 rowtight\"><div class=\"tcol-lg-3 tcol-md-3 tcol-sm-4 tcol-xs-6 tcol-ss-12 g_item\"><div class=\"grid_item kad_gallery_fade_in gallery_item\"><a href=\"https:\/\/femprocomuns.coop\/wp-content\/uploads\/2024\/09\/GuiaJove-Index.png\" data-rel=\"lightbox\" class=\"lightboxhover\"><img loading=\"lazy\" decoding=\"async\" src=\"https:\/\/femprocomuns.coop\/wp-content\/uploads\/2024\/09\/GuiaJove-Index-300x300.png\" width=\"300\" height=\"300\" alt=\"\" srcset=\"https:\/\/femprocomuns.coop\/wp-content\/uploads\/2024\/09\/GuiaJove-Index-300x300.png 300w, https:\/\/femprocomuns.coop\/wp-content\/uploads\/2024\/09\/GuiaJove-Index-150x150.png 150w, https:\/\/femprocomuns.coop\/wp-content\/uploads\/2024\/09\/GuiaJove-Index-600x600.png 600w\" sizes=\"auto, (max-width: 300px) 100vw, 300px\" class=\"light-dropshaddow\"\/><\/a><\/div><\/div><div class=\"tcol-lg-3 tcol-md-3 tcol-sm-4 tcol-xs-6 tcol-ss-12 g_item\"><div class=\"grid_item kad_gallery_fade_in gallery_item\"><a href=\"https:\/\/femprocomuns.coop\/wp-content\/uploads\/2024\/09\/GuiaJove_JusticiaGlobal.png\" data-rel=\"lightbox\" class=\"lightboxhover\"><img loading=\"lazy\" decoding=\"async\" src=\"https:\/\/femprocomuns.coop\/wp-content\/uploads\/2024\/09\/GuiaJove_JusticiaGlobal-300x300.png\" width=\"300\" height=\"300\" alt=\"\" srcset=\"https:\/\/femprocomuns.coop\/wp-content\/uploads\/2024\/09\/GuiaJove_JusticiaGlobal-300x300.png 300w, https:\/\/femprocomuns.coop\/wp-content\/uploads\/2024\/09\/GuiaJove_JusticiaGlobal-150x150.png 150w, https:\/\/femprocomuns.coop\/wp-content\/uploads\/2024\/09\/GuiaJove_JusticiaGlobal-600x600.png 600w\" sizes=\"auto, (max-width: 300px) 100vw, 300px\" class=\"light-dropshaddow\"\/><\/a><\/div><\/div><div class=\"tcol-lg-3 tcol-md-3 tcol-sm-4 tcol-xs-6 tcol-ss-12 g_item\"><div class=\"grid_item kad_gallery_fade_in gallery_item\"><a href=\"https:\/\/femprocomuns.coop\/wp-content\/uploads\/2024\/09\/GuiaJove_Dades.png\" data-rel=\"lightbox\" class=\"lightboxhover\"><img loading=\"lazy\" decoding=\"async\" src=\"https:\/\/femprocomuns.coop\/wp-content\/uploads\/2024\/09\/GuiaJove_Dades-300x300.png\" width=\"300\" height=\"300\" alt=\"\" srcset=\"https:\/\/femprocomuns.coop\/wp-content\/uploads\/2024\/09\/GuiaJove_Dades-300x300.png 300w, https:\/\/femprocomuns.coop\/wp-content\/uploads\/2024\/09\/GuiaJove_Dades-150x150.png 150w, https:\/\/femprocomuns.coop\/wp-content\/uploads\/2024\/09\/GuiaJove_Dades-600x600.png 600w\" sizes=\"auto, (max-width: 300px) 100vw, 300px\" class=\"light-dropshaddow\"\/><\/a><\/div><\/div><div class=\"tcol-lg-3 tcol-md-3 tcol-sm-4 tcol-xs-6 tcol-ss-12 g_item\"><div class=\"grid_item kad_gallery_fade_in gallery_item\"><a href=\"https:\/\/femprocomuns.coop\/wp-content\/uploads\/2024\/09\/GuiaJove_LliureVsPrivatiu.png\" data-rel=\"lightbox\" class=\"lightboxhover\"><img loading=\"lazy\" decoding=\"async\" src=\"https:\/\/femprocomuns.coop\/wp-content\/uploads\/2024\/09\/GuiaJove_LliureVsPrivatiu-300x300.png\" width=\"300\" height=\"300\" alt=\"\" srcset=\"https:\/\/femprocomuns.coop\/wp-content\/uploads\/2024\/09\/GuiaJove_LliureVsPrivatiu-300x300.png 300w, https:\/\/femprocomuns.coop\/wp-content\/uploads\/2024\/09\/GuiaJove_LliureVsPrivatiu-150x150.png 150w, https:\/\/femprocomuns.coop\/wp-content\/uploads\/2024\/09\/GuiaJove_LliureVsPrivatiu-600x600.png 600w\" sizes=\"auto, (max-width: 300px) 100vw, 300px\" class=\"light-dropshaddow\"\/><\/a><\/div><\/div><div class=\"tcol-lg-3 tcol-md-3 tcol-sm-4 tcol-xs-6 tcol-ss-12 g_item\"><div class=\"grid_item kad_gallery_fade_in gallery_item\"><a href=\"https:\/\/femprocomuns.coop\/wp-content\/uploads\/2024\/09\/GuiaJove_QuinesEines.png\" data-rel=\"lightbox\" class=\"lightboxhover\"><img loading=\"lazy\" decoding=\"async\" src=\"https:\/\/femprocomuns.coop\/wp-content\/uploads\/2024\/09\/GuiaJove_QuinesEines-300x300.png\" width=\"300\" height=\"300\" alt=\"\" srcset=\"https:\/\/femprocomuns.coop\/wp-content\/uploads\/2024\/09\/GuiaJove_QuinesEines-300x300.png 300w, https:\/\/femprocomuns.coop\/wp-content\/uploads\/2024\/09\/GuiaJove_QuinesEines-150x150.png 150w, https:\/\/femprocomuns.coop\/wp-content\/uploads\/2024\/09\/GuiaJove_QuinesEines-600x600.png 600w\" sizes=\"auto, (max-width: 300px) 100vw, 300px\" class=\"light-dropshaddow\"\/><\/a><\/div><\/div><div class=\"tcol-lg-3 tcol-md-3 tcol-sm-4 tcol-xs-6 tcol-ss-12 g_item\"><div class=\"grid_item kad_gallery_fade_in gallery_item\"><a href=\"https:\/\/femprocomuns.coop\/wp-content\/uploads\/2024\/09\/GuiaJove_educadores-1.png\" data-rel=\"lightbox\" class=\"lightboxhover\"><img loading=\"lazy\" decoding=\"async\" src=\"https:\/\/femprocomuns.coop\/wp-content\/uploads\/2024\/09\/GuiaJove_educadores-1-300x300.png\" width=\"300\" height=\"300\" alt=\"\" srcset=\"https:\/\/femprocomuns.coop\/wp-content\/uploads\/2024\/09\/GuiaJove_educadores-1-300x300.png 300w, https:\/\/femprocomuns.coop\/wp-content\/uploads\/2024\/09\/GuiaJove_educadores-1-150x150.png 150w, https:\/\/femprocomuns.coop\/wp-content\/uploads\/2024\/09\/GuiaJove_educadores-1-600x600.png 600w\" sizes=\"auto, (max-width: 300px) 100vw, 300px\" class=\"light-dropshaddow\"\/><\/a><\/div><\/div><div class=\"tcol-lg-3 tcol-md-3 tcol-sm-4 tcol-xs-6 tcol-ss-12 g_item\"><div class=\"grid_item kad_gallery_fade_in gallery_item\"><a href=\"https:\/\/femprocomuns.coop\/wp-content\/uploads\/2024\/09\/GuiaJove_educadores-2.png\" data-rel=\"lightbox\" class=\"lightboxhover\"><img loading=\"lazy\" decoding=\"async\" src=\"https:\/\/femprocomuns.coop\/wp-content\/uploads\/2024\/09\/GuiaJove_educadores-2-300x300.png\" width=\"300\" height=\"300\" alt=\"\" srcset=\"https:\/\/femprocomuns.coop\/wp-content\/uploads\/2024\/09\/GuiaJove_educadores-2-300x300.png 300w, https:\/\/femprocomuns.coop\/wp-content\/uploads\/2024\/09\/GuiaJove_educadores-2-150x150.png 150w, https:\/\/femprocomuns.coop\/wp-content\/uploads\/2024\/09\/GuiaJove_educadores-2-600x600.png 600w\" sizes=\"auto, (max-width: 300px) 100vw, 300px\" class=\"light-dropshaddow\"\/><\/a><\/div><\/div><div class=\"tcol-lg-3 tcol-md-3 tcol-sm-4 tcol-xs-6 tcol-ss-12 g_item\"><div class=\"grid_item kad_gallery_fade_in gallery_item\"><a href=\"https:\/\/femprocomuns.coop\/wp-content\/uploads\/2024\/09\/GuiaJove_PMF.png\" data-rel=\"lightbox\" class=\"lightboxhover\"><img loading=\"lazy\" decoding=\"async\" src=\"https:\/\/femprocomuns.coop\/wp-content\/uploads\/2024\/09\/GuiaJove_PMF-300x300.png\" width=\"300\" height=\"300\" alt=\"\" srcset=\"https:\/\/femprocomuns.coop\/wp-content\/uploads\/2024\/09\/GuiaJove_PMF-300x300.png 300w, https:\/\/femprocomuns.coop\/wp-content\/uploads\/2024\/09\/GuiaJove_PMF-150x150.png 150w, https:\/\/femprocomuns.coop\/wp-content\/uploads\/2024\/09\/GuiaJove_PMF-600x600.png 600w\" sizes=\"auto, (max-width: 300px) 100vw, 300px\" class=\"light-dropshaddow\"\/><\/a><\/div><\/div><\/div>\n","protected":false},"excerpt":{"rendered":"<p>Elaborada conjuntamente por La Escuela libre el Sol y femProcomuns la&#8221;Gu\u00eda joven de herramientas tecno\u00e9ticas&#8221; ofrece elementos para la reflexi\u00f3n sobre el uso que hacemos de las tecnolog\u00edas, la apropiaci\u00f3n de las herramientas digitales por parte de las grandes corporaciones &hellip; <a href=\"https:\/\/femprocomuns.coop\/es\/guia-joven-de-herramientas-tecnoeticas\/\">Continuar<\/a><\/p>\n","protected":false},"author":12,"featured_media":0,"parent":0,"menu_order":0,"comment_status":"closed","ping_status":"closed","template":"","meta":{"kt_blocks_editor_width":"","footnotes":""},"class_list":["post-11907","page","type-page","status-publish","hentry"],"jetpack_sharing_enabled":true,"_links":{"self":[{"href":"https:\/\/femprocomuns.coop\/es\/wp-json\/wp\/v2\/pages\/11907","targetHints":{"allow":["GET"]}}],"collection":[{"href":"https:\/\/femprocomuns.coop\/es\/wp-json\/wp\/v2\/pages"}],"about":[{"href":"https:\/\/femprocomuns.coop\/es\/wp-json\/wp\/v2\/types\/page"}],"author":[{"embeddable":true,"href":"https:\/\/femprocomuns.coop\/es\/wp-json\/wp\/v2\/users\/12"}],"replies":[{"embeddable":true,"href":"https:\/\/femprocomuns.coop\/es\/wp-json\/wp\/v2\/comments?post=11907"}],"version-history":[{"count":1,"href":"https:\/\/femprocomuns.coop\/es\/wp-json\/wp\/v2\/pages\/11907\/revisions"}],"predecessor-version":[{"id":11908,"href":"https:\/\/femprocomuns.coop\/es\/wp-json\/wp\/v2\/pages\/11907\/revisions\/11908"}],"wp:attachment":[{"href":"https:\/\/femprocomuns.coop\/es\/wp-json\/wp\/v2\/media?parent=11907"}],"curies":[{"name":"wp","href":"https:\/\/api.w.org\/{rel}","templated":true}]}}