{"id":1505,"date":"2020-10-14T07:38:52","date_gmt":"2020-10-14T05:38:52","guid":{"rendered":"https:\/\/femprocomuns.coop\/?page_id=1505"},"modified":"2022-02-02T19:14:19","modified_gmt":"2022-02-02T17:14:19","slug":"programas-de-transicion","status":"publish","type":"page","link":"https:\/\/femprocomuns.coop\/es\/programas-de-transicion\/","title":{"rendered":"Programas de Transici\u00f3n"},"content":{"rendered":"<h5>Colaboramos con administraciones p\u00fablicas y grandes entidades para idear, desarrollar y ejecutar programas que ayudan a proyectos y personas a cambiar la mirada, transmitir una visi\u00f3n transformadora de la econom\u00eda, reflexionar sobre si en la supuesta &#8220;nueva econom\u00eda de plataforma&#8221; todo es plataformitzable, explorar infraestructuras y tecnolog\u00edas p\u00fablicas y\/o comunitarias, que faciliten dar respuesta a las necesidades de las personas, promover la colaboraci\u00f3n entre proyectos frente a la competencia y el compartir los datos recolectados por las plataformas y su an\u00e1lisis, la informaci\u00f3n y el conocimiento &#8230;<\/h5>\n<p><a href=\"https:\/\/femprocomuns.coop\/wp-content\/uploads\/2020\/08\/Model5PIlarsProcomu.png\"><img loading=\"lazy\" decoding=\"async\" class=\"alignleft wp-image-1363 size-large\" src=\"https:\/\/femprocomuns.coop\/wp-content\/uploads\/2020\/08\/Model5PIlarsProcomu-1024x575.png\" alt=\"\" width=\"1024\" height=\"575\" srcset=\"https:\/\/femprocomuns.coop\/wp-content\/uploads\/2020\/08\/Model5PIlarsProcomu-1024x575.png 1024w, https:\/\/femprocomuns.coop\/wp-content\/uploads\/2020\/08\/Model5PIlarsProcomu-300x168.png 300w, https:\/\/femprocomuns.coop\/wp-content\/uploads\/2020\/08\/Model5PIlarsProcomu-768x431.png 768w\" sizes=\"auto, (max-width: 1024px) 100vw, 1024px\" \/><\/a>Los programas de transici\u00f3n tienen como objetivo <strong>acompa\u00f1ar proyectos colaborativos y de cooperaci\u00f3n<\/strong>, alejarlos de los modelos de competencia y extractivistas para acercarlos hacia la econom\u00eda solidaria y procom\u00fan, con el <a href=\"https:\/\/femprocomuns.coop\/el-modelo-de-los-5-pilares-de-sostenibilidad-del-procomun\/?lang=es\" target=\"_blank\" rel=\"noopener noreferrer\">Modelo de los 5 Pilares de Sostenibilidad Procom\u00fan<\/a> como hilo conductor. Los materiales (compartidos aqu\u00ed) est\u00e1n a\u00fan solo en catal\u00e1n:<\/p>\n<div class=\"row\"> <div class=\"col-md-4\">\n<strong>INTRODUCCI\u00d3N<\/strong><br \/>\n<a href=\"https:\/\/femprocomuns.coop\/wp-content\/uploads\/2021\/05\/5pilars_icos_introducci\u00f3.png\"><img loading=\"lazy\" decoding=\"async\" class=\"wp-image-2084 alignleft\" src=\"https:\/\/femprocomuns.coop\/wp-content\/uploads\/2021\/05\/5pilars_icos_introducci\u00f3-150x150.png\" alt=\"\" width=\"30\" height=\"30\" srcset=\"https:\/\/femprocomuns.coop\/wp-content\/uploads\/2021\/05\/5pilars_icos_introducci\u00f3-150x150.png 150w, https:\/\/femprocomuns.coop\/wp-content\/uploads\/2021\/05\/5pilars_icos_introducci\u00f3-300x297.png 300w, https:\/\/femprocomuns.coop\/wp-content\/uploads\/2021\/05\/5pilars_icos_introducci\u00f3.png 354w\" sizes=\"auto, (max-width: 30px) 100vw, 30px\" \/><\/a><\/p>\n<p>Lectura<a href=\"https:\/\/archive.org\/details\/Model-dels-5pilars-introduccioal-procomu\/00_5pilars_Lectures_Introducci%C3%B3alProcom%C3%BA\" target=\"_blank\" rel=\"noopener noreferrer\"> Introducci\u00f3n al procom\u00fan<\/a><br \/>\nLienzos <a href=\"https:\/\/archive.org\/details\/Model-dels-5pilars-introduccioal-procomu\/00_Llen%C3%A7os_Introducci%C3%B3alProcom%C3%BA\/page\/n1\/mode\/2up\" target=\"_blank\" rel=\"noopener noreferrer\">(Qu\u00e9-Quien-Como)<\/a><\/p>\n<\/div><div class=\"col-md-4\">\n<strong>COMUNIDAD<\/strong><br \/>\n<a href=\"https:\/\/femprocomuns.coop\/wp-content\/uploads\/2021\/05\/5pilars_icos_comunitat.png\"><img loading=\"lazy\" decoding=\"async\" class=\"alignleft wp-image-2079 size-full\" src=\"https:\/\/femprocomuns.coop\/wp-content\/uploads\/2021\/05\/5pilars_icos_comunitat.png\" alt=\"\" width=\"30\" height=\"30\" srcset=\"https:\/\/femprocomuns.coop\/wp-content\/uploads\/2021\/05\/5pilars_icos_comunitat.png 354w, https:\/\/femprocomuns.coop\/wp-content\/uploads\/2021\/05\/5pilars_icos_comunitat-150x150.png 150w, https:\/\/femprocomuns.coop\/wp-content\/uploads\/2021\/05\/5pilars_icos_comunitat-300x297.png 300w\" sizes=\"auto, (max-width: 30px) 100vw, 30px\" \/><\/a><\/p>\n<p>Lectura <a href=\"https:\/\/archive.org\/details\/Pilar-comunitat\/01_5pilars_Lectures_Comunitat\/mode\/2up\" target=\"_blank\" rel=\"noopener noreferrer\">Pilar de la Comunidad<\/a><br \/>\nLienzos <a href=\"https:\/\/archive.org\/details\/Pilar-comunitat\/01_5pilars_Llen%C3%A7os_Comunitat_01_dimensi%C3%B3\" target=\"_blank\" rel=\"noopener noreferrer\">Dimensi\u00f3n<\/a> &#8211; <a href=\"https:\/\/archive.org\/details\/Pilar-comunitat\/01_5pilars_Llen%C3%A7os_Comunitat_03_graus\" target=\"_blank\" rel=\"noopener noreferrer\">Grados<\/a> &#8211; <a href=\"https:\/\/archive.org\/details\/Pilar-comunitat\/01_5pilars_Llen%C3%A7os_Comunitat_04_articulaci%C3%B3_a_b\" target=\"_blank\" rel=\"noopener noreferrer\">Articulaci\u00f3n<\/a><\/p>\n<\/div><div class=\"col-md-4\">\n<strong>COMPARTIR<\/strong><br \/>\n<a href=\"https:\/\/femprocomuns.coop\/wp-content\/uploads\/2021\/05\/5pilars_icos_compartir.png\"><img loading=\"lazy\" decoding=\"async\" class=\"size-full wp-image-2078 alignleft\" src=\"https:\/\/femprocomuns.coop\/wp-content\/uploads\/2021\/05\/5pilars_icos_compartir.png\" alt=\"\" width=\"30\" height=\"30\" data-wp-editing=\"1\" srcset=\"https:\/\/femprocomuns.coop\/wp-content\/uploads\/2021\/05\/5pilars_icos_compartir.png 354w, https:\/\/femprocomuns.coop\/wp-content\/uploads\/2021\/05\/5pilars_icos_compartir-150x150.png 150w, https:\/\/femprocomuns.coop\/wp-content\/uploads\/2021\/05\/5pilars_icos_compartir-300x297.png 300w\" sizes=\"auto, (max-width: 30px) 100vw, 30px\" \/><\/a><\/p>\n<p>Lectura <a href=\"https:\/\/archive.org\/details\/5pilars-compartir\/02_5pilars_Lectures_Compartir\" target=\"_blank\" rel=\"noopener noreferrer\">Pilar de Compartir<\/a><br \/>\nLienzos <a href=\"https:\/\/archive.org\/details\/5pilars-compartir\/02_5pilars_Llen%C3%A7os_Compartir_01_Compartir\" target=\"_blank\" rel=\"noopener noreferrer\">Legado<\/a> &#8211; <a href=\"https:\/\/archive.org\/details\/5pilars-compartir\/02_5pilars_Llen%C3%A7os_Compartir_02_Connectar\" target=\"_blank\" rel=\"noopener noreferrer\">Conectar<\/a> &#8211; <a href=\"https:\/\/archive.org\/details\/5pilars-compartir\/02_5pilars_Llen%C3%A7os_Compartir_03_Obrir\" target=\"_blank\" rel=\"noopener noreferrer\">Abrir<\/a><\/p>\n<\/div><\/div>\n<p>&nbsp;<\/p>\n<div class=\"row\"> <div class=\"col-md-4\">\n<strong>CO-GOBERNANZA<\/strong><br \/>\n<a href=\"https:\/\/femprocomuns.coop\/wp-content\/uploads\/2021\/05\/5pilars_icos_governan\u00e7a.png\"><img loading=\"lazy\" decoding=\"async\" class=\"size-full wp-image-2080 alignleft\" src=\"https:\/\/femprocomuns.coop\/wp-content\/uploads\/2021\/05\/5pilars_icos_governan\u00e7a.png\" alt=\"\" width=\"30\" height=\"30\" data-wp-editing=\"1\" srcset=\"https:\/\/femprocomuns.coop\/wp-content\/uploads\/2021\/05\/5pilars_icos_governan\u00e7a.png 354w, https:\/\/femprocomuns.coop\/wp-content\/uploads\/2021\/05\/5pilars_icos_governan\u00e7a-150x150.png 150w, https:\/\/femprocomuns.coop\/wp-content\/uploads\/2021\/05\/5pilars_icos_governan\u00e7a-300x297.png 300w\" sizes=\"auto, (max-width: 30px) 100vw, 30px\" \/><\/a><\/p>\n<p>Lectura <a href=\"https:\/\/archive.org\/details\/03-5pilars-diapositives-cogovernanca-la-co-5\/03_5pilars_Lectures_Cogovernan%C3%A7a\" target=\"_blank\" rel=\"noopener noreferrer\">Pilar de Co-gobernanza<\/a><br \/>\nLienzos <a href=\"https:\/\/archive.org\/details\/03-5pilars-diapositives-cogovernanca-la-co-5\/03_5pilars_Llen%C3%A7os_Cogovernar_01_Valors\" target=\"_blank\" rel=\"noopener noreferrer\">Valores<\/a> &#8211; <a href=\"https:\/\/archive.org\/details\/03-5pilars-diapositives-cogovernanca-la-co-5\/03_5pilars_Llen%C3%A7os_Cogovernar_02_NivellsParticipaci%C3%B3\" target=\"_blank\" rel=\"noopener noreferrer\">Niveles de Participaci\u00f3n<\/a> &#8211; <a href=\"https:\/\/archive.org\/details\/03-5pilars-diapositives-cogovernanca-la-co-5\/03_5pilars_Llen%C3%A7os_Cogovernar_03_FormaJur%C3%ADdica\" target=\"_blank\" rel=\"noopener noreferrer\">Forma Jur\u00eddica<\/a> &#8211; <a href=\"https:\/\/archive.org\/details\/03-5pilars-diapositives-cogovernanca-la-co-5\/03_5pilars_Llen%C3%A7os_Compartir_03_Obrir_Imprimible\" target=\"_blank\" rel=\"noopener noreferrer\">Abrir<\/a><\/p>\n<\/div><div class=\"col-md-4\">\n<strong>CO-PRODUCCI\u00d3N<\/strong><br \/>\n<a href=\"https:\/\/femprocomuns.coop\/wp-content\/uploads\/2021\/05\/5pilars_icos_producci\u00f3.png\"><img loading=\"lazy\" decoding=\"async\" class=\"size-full wp-image-2082 alignleft\" src=\"https:\/\/femprocomuns.coop\/wp-content\/uploads\/2021\/05\/5pilars_icos_producci\u00f3.png\" alt=\"\" width=\"30\" height=\"30\" srcset=\"https:\/\/femprocomuns.coop\/wp-content\/uploads\/2021\/05\/5pilars_icos_producci\u00f3.png 354w, https:\/\/femprocomuns.coop\/wp-content\/uploads\/2021\/05\/5pilars_icos_producci\u00f3-150x150.png 150w, https:\/\/femprocomuns.coop\/wp-content\/uploads\/2021\/05\/5pilars_icos_producci\u00f3-300x297.png 300w\" sizes=\"auto, (max-width: 30px) 100vw, 30px\" \/><\/a><\/p>\n<p>Lectura <a href=\"https:\/\/archive.org\/details\/coproduccio-la-co-5\/04_5pilars_Lectures_Coproducci%C3%B3\" target=\"_blank\" rel=\"noopener noreferrer\">Pilar de Co-producci\u00f3n<\/a><br \/>\nLienzos <a href=\"https:\/\/archive.org\/details\/coproduccio-la-co-5\/04_5pilars_Llen%C3%A7os_Coproducci%C3%B3_01_Qui\" target=\"_blank\" rel=\"noopener noreferrer\">Qui\u00e9n<\/a> &#8211; <a href=\"https:\/\/archive.org\/details\/coproduccio-la-co-5\/04_5pilars_Llen%C3%A7os_Coproducci%C3%B3_02_Relaci%C3%B3\" target=\"_blank\" rel=\"noopener noreferrer\">Relaci\u00f3n actividad y fuerza de trabajo<\/a> &#8211;\u00a0<a href=\"https:\/\/archive.org\/details\/coproduccio-la-co-5\/04_5pilars_Llen%C3%A7os_Coproducci%C3%B3_03_Eines\" target=\"_blank\" rel=\"noopener noreferrer\">Herramientas de comunicaci\u00f3n<\/a><\/p>\n<\/div><div class=\"col-md-4\">\n<strong>RECURSOS MOVILIZADOS<\/strong><br \/>\n<a href=\"https:\/\/femprocomuns.coop\/wp-content\/uploads\/2021\/05\/5pilars_icos_recursos.png\"><img loading=\"lazy\" decoding=\"async\" class=\"size-full wp-image-2083 alignleft\" src=\"https:\/\/femprocomuns.coop\/wp-content\/uploads\/2021\/05\/5pilars_icos_recursos.png\" alt=\"\" width=\"30\" height=\"30\" srcset=\"https:\/\/femprocomuns.coop\/wp-content\/uploads\/2021\/05\/5pilars_icos_recursos.png 351w, https:\/\/femprocomuns.coop\/wp-content\/uploads\/2021\/05\/5pilars_icos_recursos-150x150.png 150w, https:\/\/femprocomuns.coop\/wp-content\/uploads\/2021\/05\/5pilars_icos_recursos-297x300.png 297w\" sizes=\"auto, (max-width: 30px) 100vw, 30px\" \/><\/a><\/p>\n<p>Lectura <a href=\"https:\/\/archive.org\/details\/05-5pilars-llencos-recursos-mobilitzats\" target=\"_blank\" rel=\"noopener noreferrer\">Pilar de Recursos Movilizados<\/a><br \/>\nLienzos <a href=\"https:\/\/archive.org\/details\/05-5pilars-llencos-recursos-mobilitzats\/05_5pilars_Llen%C3%A7os_RecursosMobilitzats_01\" target=\"_blank\" rel=\"noopener noreferrer\">Recursos a movilizar<\/a> &#8211; <a href=\"https:\/\/archive.org\/details\/05-5pilars-llencos-recursos-mobilitzats\/05_5pilars_Llen%C3%A7os_RecursosMobilitzats_02\" target=\"_blank\" rel=\"noopener noreferrer\"> Modelos<\/a><\/p>\n<p>&nbsp;<\/p>\n<\/div><\/div>\n<p>Estos proyectos se centran en el procom\u00fan en oposici\u00f3n a las econom\u00edas extractivas que fomentan la creaci\u00f3n de empresas StartUp, que a menudo carecen de un modelo de negocio y buscan sostenerse a trav\u00e9s de rondas de financiaci\u00f3n, de inversores de riesgo (<em>business angels<\/em>) y\/o gigantes oligopol\u00edsticos, y que no son sostenibles, ni econ\u00f3micamente ni para el medio ambiente, mientras ponen en riesgo los derechos sociales. Por eso, en los Programas de Transici\u00f3n no se busca replicar estos modelos creando alternativas para el mercado social, porque no son replicables y tratar de hacerlo lleva directamente al fracaso. Lo que se busca pues es e<strong>ncontrar modelos alternativos para afrontar los retos identificados.<\/strong><\/p>\n<p>Los programas y acompa\u00f1amientos ofrecen <strong>itinerarios flexibles y adaptables<\/strong> a las necesidades de cada comunidad y entorno. Su duraci\u00f3n depende del n\u00famero de iteraciones a los 5 pilares del procom\u00fan que se valore adecuado para cada momento, desde 3 horas hasta 3 meses (26 sesiones). Ved el ejemplo de <a href=\"https:\/\/femprocomuns.coop\/el-programa-de-la-comunificadora-una-metodologia-y-tres-iteraciones\/?lang=es\" target=\"_blank\" rel=\"noopener noreferrer\">La Comunificadora<\/a><\/p>\n<div><\/div>\n<div><\/div>\n<h3>Recursos<\/h3>\n<h4>Lecturas<\/h4>\n<p><span style=\"color: # 000000;\"> Un paquete con 6 lecturas, de entre 20 y 30 p\u00e1ginas, con un dossier introductorio y cinco dossieres para trabajar cada uno de los 5 pilares de sostenibilidad del procom\u00fan, <span style=\"font-size: small;\"> Cada dossier <\/span> est\u00e1 estructurado en una peque\u00f1a introducci\u00f3n, los conceptos clave a tener en cuenta, casos de ejemplo, herramientas a utilizar, una bibliograf\u00eda relacionada y una lista de v\u00eddeos recomendados. <\/span><\/p>\n<p><a href=\"https:\/\/femprocomuns.coop\/wp-content\/uploads\/2021\/10\/Lectures.png\"><img loading=\"lazy\" decoding=\"async\" class=\"aligncenter wp-image-2432\" src=\"https:\/\/femprocomuns.coop\/wp-content\/uploads\/2021\/10\/Lectures-300x195.png\" alt=\"\" width=\"600\" height=\"389\" srcset=\"https:\/\/femprocomuns.coop\/wp-content\/uploads\/2021\/10\/Lectures-300x195.png 300w, https:\/\/femprocomuns.coop\/wp-content\/uploads\/2021\/10\/Lectures-768x498.png 768w, https:\/\/femprocomuns.coop\/wp-content\/uploads\/2021\/10\/Lectures.png 990w\" sizes=\"auto, (max-width: 600px) 100vw, 600px\" \/><\/a><\/p>\n<h4>Lienzos (canvas)<\/h4>\n<div>Los lienzos (canvas), con diagramas o esquemas secuenciales, invitan a los participantes a trabajar aspectos concretos del proceso de co-dise\u00f1o y reflejar los resultados. Ya est\u00e9n impresos en papel o pl\u00e1stico, para trabajarlos con l\u00e1piz o pegatinas encima de una mesa, en forma de mural en la pared, de alfombra en el suelo (para trabajarlos posicionando a los participantes sobre de ellos), o lienzos digitalizados, ayudan a estructurar y dar pautas claras para la interacci\u00f3n en el desarrollo de proyectos, con el apoyo de una persona facilitadora o con la ayuda de una gu\u00eda previamente preparada.<\/div>\n<div><\/div>\n<div><a href=\"https:\/\/femprocomuns.coop\/wp-content\/uploads\/2021\/10\/Llen\u00e7os.png\"><img loading=\"lazy\" decoding=\"async\" class=\"aligncenter wp-image-2433\" src=\"https:\/\/femprocomuns.coop\/wp-content\/uploads\/2021\/10\/Llen\u00e7os.png\" alt=\"\" width=\"600\" height=\"291\" srcset=\"https:\/\/femprocomuns.coop\/wp-content\/uploads\/2021\/10\/Llen\u00e7os.png 936w, https:\/\/femprocomuns.coop\/wp-content\/uploads\/2021\/10\/Llen\u00e7os-300x146.png 300w, https:\/\/femprocomuns.coop\/wp-content\/uploads\/2021\/10\/Llen\u00e7os-768x373.png 768w\" sizes=\"auto, (max-width: 600px) 100vw, 600px\" \/><\/a><\/div>\n<h4>Juegos<\/h4>\n<div>Se utiliza el juego cooperativo para aprender conceptos complejos de forma amena, a trav\u00e9s de la pasi\u00f3n y la imaginaci\u00f3n. Tambi\u00e9n es un recurso para facilitar un cambio en la mirada, dejando atr\u00e1s las experiencias competitivas y para experimentar la fuerza creativa del di\u00e1logo y la cooperaci\u00f3n entre equipos. El juego puede ser \u00fatil para introducir un concepto y tambi\u00e9n para su consolidaci\u00f3n, o un punto de partida para desarrollos posteriores.<\/div>\n<div><a href=\"https:\/\/femprocomuns.coop\/wp-content\/uploads\/2021\/10\/JocProcom\u00fa_joves.png\"><img loading=\"lazy\" decoding=\"async\" class=\"aligncenter wp-image-2437\" src=\"https:\/\/femprocomuns.coop\/wp-content\/uploads\/2021\/10\/JocProcom\u00fa_joves-1024x551.png\" alt=\"\" width=\"600\" height=\"323\" srcset=\"https:\/\/femprocomuns.coop\/wp-content\/uploads\/2021\/10\/JocProcom\u00fa_joves-1024x551.png 1024w, https:\/\/femprocomuns.coop\/wp-content\/uploads\/2021\/10\/JocProcom\u00fa_joves-300x161.png 300w, https:\/\/femprocomuns.coop\/wp-content\/uploads\/2021\/10\/JocProcom\u00fa_joves-768x413.png 768w, https:\/\/femprocomuns.coop\/wp-content\/uploads\/2021\/10\/JocProcom\u00fa_joves-1672x900.png 1672w, https:\/\/femprocomuns.coop\/wp-content\/uploads\/2021\/10\/JocProcom\u00fa_joves-836x450.png 836w, https:\/\/femprocomuns.coop\/wp-content\/uploads\/2021\/10\/JocProcom\u00fa_joves.png 1922w\" sizes=\"auto, (max-width: 600px) 100vw, 600px\" \/><\/a><\/div>\n<h4><\/h4>\n<h4>Sesiones grupales &#8211; Activaci\u00f3n, cartografiado de experiencias y exploraci\u00f3n de sectores<\/h4>\n<p>Un cartografiado sirve para mostrar una instant\u00e1nea de un espacio y un momento, y facilitar la aproximaci\u00f3n a la realidad de un territorio, complejo y cambiante. Sirve para identificar los actores (personas, organizaciones, proyectos, experiencias, &#8230;) que pueden ser relevantes (a favor, en contra, o indiferente), para facilitar una transici\u00f3n al procom\u00fan y las relaciones actuales y potenciales entre estos actores.<\/p>\n<p><a href=\"https:\/\/femprocomuns.coop\/wp-content\/uploads\/2021\/10\/SessionsGrupals.png\"><img loading=\"lazy\" decoding=\"async\" class=\"aligncenter size-large wp-image-2436\" src=\"https:\/\/femprocomuns.coop\/wp-content\/uploads\/2021\/10\/SessionsGrupals-1024x173.png\" alt=\"\" width=\"1024\" height=\"173\" srcset=\"https:\/\/femprocomuns.coop\/wp-content\/uploads\/2021\/10\/SessionsGrupals-1024x173.png 1024w, https:\/\/femprocomuns.coop\/wp-content\/uploads\/2021\/10\/SessionsGrupals-300x51.png 300w, https:\/\/femprocomuns.coop\/wp-content\/uploads\/2021\/10\/SessionsGrupals-768x130.png 768w, https:\/\/femprocomuns.coop\/wp-content\/uploads\/2021\/10\/SessionsGrupals.png 1096w\" sizes=\"auto, (max-width: 1024px) 100vw, 1024px\" \/><\/a><\/p>\n<p>Abiertas a todo el mundo, que tienen por <strong>objetivo<\/strong> identificar las necesidades de una comunidad y ver c\u00f3mo \u00e9stas pueden ser resueltas desde una perspectiva procom\u00fan.<\/p>\n<p>Estas acciones (de difusi\u00f3n, mapeo de necesidades locales, c\u00e1psulas para compartir conocimiento sobre el territorio o sector explorado, mapeo de recursos disponibles) ejecutadas en sesiones de 4 horas, pueden formar parte de una <strong>1a fase del Programa de Transici\u00f3n<\/strong> (y ayudar a preparar los proyectos candidatos) o realizarse de forma independiente y tener simplemente un car\u00e1cter exploratorio o de agitaci\u00f3n para procesos que se desarrollar\u00e1n de forma aut\u00f3noma.<\/p>\n<p>En una o varias sesiones tem\u00e1ticas (sobre comunes urbanos, cultura, ocio, medios de comunicaci\u00f3n, participaci\u00f3n ciudadana, barrios, conocimiento e investigaci\u00f3n, consumo, finanzas, medio ambiente, agroecolog\u00eda, econom\u00eda circular, rural, naturales, feminismos, cuidados y migraciones, fabricaci\u00f3n maker, redes, internet de las cosas, blockchain, &#8230;) servir\u00e1n principalmente para explorar alianzas entre proyectos y recursos existentes.<\/p>\n<p>Si se ejecutan como 1a fase del Programa de Transici\u00f3n, las sesiones terminan con una &#8220;mentor\u00eda en abierto&#8221; para, con la ayuda de personas mentoras del programa, terminar de definir las necesidades de la comunidad y poner en marcha el proceso de formaci\u00f3n y selecci\u00f3n de los equipos participantes en la fase siguiente.<\/p>\n<p><a href=\"https:\/\/femprocomuns.coop\/wp-content\/uploads\/2021\/10\/sessionsgrupals.png\"><img loading=\"lazy\" decoding=\"async\" class=\"aligncenter wp-image-2435\" src=\"https:\/\/femprocomuns.coop\/wp-content\/uploads\/2021\/10\/sessionsgrupals.png\" alt=\"\" width=\"600\" height=\"237\" srcset=\"https:\/\/femprocomuns.coop\/wp-content\/uploads\/2021\/10\/sessionsgrupals.png 966w, https:\/\/femprocomuns.coop\/wp-content\/uploads\/2021\/10\/sessionsgrupals-300x118.png 300w, https:\/\/femprocomuns.coop\/wp-content\/uploads\/2021\/10\/sessionsgrupals-768x303.png 768w\" sizes=\"auto, (max-width: 600px) 100vw, 600px\" \/><\/a><\/p>\n<h4>Din\u00e1micas de grupo &#8211; talleres pr\u00e1cticos, talleres sociales, hackaton de prototipado, &#8230;<\/h4>\n<p>En la preparaci\u00f3n y facilitaci\u00f3n de grupos dentro de procesos de co-dise\u00f1o transicional hay que saber identificar el tipo de entorno en el que hacer el trabajo conjunto: un encuentro, una jornada, una sesi\u00f3n de trabajo, una hackathon.<\/p>\n<p>Seleccionar bien los diferentes tipos de agentes clave para cumplir con el objetivo propuesto, saber identificar y crear los espacios adecuados, tener capacidad de convocatoria para que se reserven un tiempo para participar en el encuentro y saber marcar el ritmo y la intensidad de la acci\u00f3n.<\/p>\n<p>Alguien (persona o equipo) asume el papel de la persona facilitadora-mediadora, que ayuda a desbloquear situaciones de confusi\u00f3n o falta de motivaci\u00f3n.<\/p>\n<p><strong>Un ejemplo de ello es una hackathon de prototipado.<\/strong> Encuentro en el que son convocadas personas con perfiles y experiencias diferentes para idear uno o varios proyectos o avanzar en su prototipado. Del encuentro se espera salir con un proyecto definido, algunos aspectos ya resueltos y algunas soluciones para explorar. Lo que se ha generado en el encuentro se publica en abierto de forma que pueda ser reutilizado y estas personas u otros pueden seguir desarrollando el proyecto.<\/p>\n<p><a href=\"https:\/\/femprocomuns.coop\/wp-content\/uploads\/2021\/10\/prototipat.png\"><img loading=\"lazy\" decoding=\"async\" class=\"aligncenter size-full wp-image-2434\" src=\"https:\/\/femprocomuns.coop\/wp-content\/uploads\/2021\/10\/prototipat.png\" alt=\"\" width=\"630\" height=\"450\" srcset=\"https:\/\/femprocomuns.coop\/wp-content\/uploads\/2021\/10\/prototipat.png 630w, https:\/\/femprocomuns.coop\/wp-content\/uploads\/2021\/10\/prototipat-300x214.png 300w\" sizes=\"auto, (max-width: 630px) 100vw, 630px\" \/><\/a><\/p>\n<div class=\"notranslate\" style=\"all: initial;\"><\/div>\n<div class=\"notranslate\" style=\"all: initial;\"><\/div>\n<div class=\"notranslate\" style=\"all: initial;\"><\/div>\n","protected":false},"excerpt":{"rendered":"<p>Colaboramos con administraciones p\u00fablicas y grandes entidades para idear, desarrollar y ejecutar programas que ayudan a proyectos y personas a cambiar la mirada, transmitir una visi\u00f3n transformadora de la econom\u00eda, reflexionar sobre si en la supuesta &#8220;nueva econom\u00eda de plataforma&#8221; &hellip; <a href=\"https:\/\/femprocomuns.coop\/es\/programas-de-transicion\/\">Continuar<\/a><\/p>\n","protected":false},"author":1,"featured_media":0,"parent":0,"menu_order":0,"comment_status":"closed","ping_status":"closed","template":"","meta":{"kt_blocks_editor_width":"","footnotes":""},"class_list":["post-1505","page","type-page","status-publish","hentry"],"jetpack_sharing_enabled":true,"_links":{"self":[{"href":"https:\/\/femprocomuns.coop\/es\/wp-json\/wp\/v2\/pages\/1505","targetHints":{"allow":["GET"]}}],"collection":[{"href":"https:\/\/femprocomuns.coop\/es\/wp-json\/wp\/v2\/pages"}],"about":[{"href":"https:\/\/femprocomuns.coop\/es\/wp-json\/wp\/v2\/types\/page"}],"author":[{"embeddable":true,"href":"https:\/\/femprocomuns.coop\/es\/wp-json\/wp\/v2\/users\/1"}],"replies":[{"embeddable":true,"href":"https:\/\/femprocomuns.coop\/es\/wp-json\/wp\/v2\/comments?post=1505"}],"version-history":[{"count":9,"href":"https:\/\/femprocomuns.coop\/es\/wp-json\/wp\/v2\/pages\/1505\/revisions"}],"predecessor-version":[{"id":3319,"href":"https:\/\/femprocomuns.coop\/es\/wp-json\/wp\/v2\/pages\/1505\/revisions\/3319"}],"wp:attachment":[{"href":"https:\/\/femprocomuns.coop\/es\/wp-json\/wp\/v2\/media?parent=1505"}],"curies":[{"name":"wp","href":"https:\/\/api.w.org\/{rel}","templated":true}]}}