{"id":2066,"date":"2021-05-22T09:11:48","date_gmt":"2021-05-22T07:11:48","guid":{"rendered":"https:\/\/femprocomuns.coop\/?page_id=2066"},"modified":"2021-05-22T09:11:48","modified_gmt":"2021-05-22T07:11:48","slug":"investigacion-facilitacion-y-relatorias","status":"publish","type":"page","link":"https:\/\/femprocomuns.coop\/es\/investigacion-facilitacion-y-relatorias\/","title":{"rendered":"Investigaci\u00f3n, facilitaci\u00f3n y relator\u00edas"},"content":{"rendered":"<h5>Organizamos y facilitamos proyectos de investigaci\u00f3n, jornadas, eventos, reuniones y asambleas semi-presenciales y online<\/h5>\n<p><a href=\"https:\/\/femprocomuns.coop\/wp-content\/uploads\/2020\/08\/IMG_20190604_130313.jpg\"><img loading=\"lazy\" decoding=\"async\" class=\"aligncenter wp-image-1367 size-large\" src=\"https:\/\/femprocomuns.coop\/wp-content\/uploads\/2020\/08\/IMG_20190604_130313-1024x768.jpg\" alt=\"\" width=\"1024\" height=\"768\" srcset=\"https:\/\/femprocomuns.coop\/wp-content\/uploads\/2020\/08\/IMG_20190604_130313-1024x768.jpg 1024w, https:\/\/femprocomuns.coop\/wp-content\/uploads\/2020\/08\/IMG_20190604_130313-300x225.jpg 300w, https:\/\/femprocomuns.coop\/wp-content\/uploads\/2020\/08\/IMG_20190604_130313-768x576.jpg 768w, https:\/\/femprocomuns.coop\/wp-content\/uploads\/2020\/08\/IMG_20190604_130313-1200x900.jpg 1200w, https:\/\/femprocomuns.coop\/wp-content\/uploads\/2020\/08\/IMG_20190604_130313-600x450.jpg 600w\" sizes=\"auto, (max-width: 1024px) 100vw, 1024px\" \/><\/a><\/p>\n<ul>\n<li>Equipo de facilitaci\u00f3n de proyectos de investigaci\u00f3n, jornadas y eventos semi-presenciales y online<\/li>\n<li>Servicio de facilitaci\u00f3n de acciones de investigaci\u00f3n y experimentaci\u00f3n a trav\u00e9s de la co-creaci\u00f3n<\/li>\n<li>Servicio de toma de apuntes y de actos, en directo y colaborativamente, aportando valor a las sesiones y facilitando unas pautas y conclusiones que enriquecen el debate.<\/li>\n<li>Servicio de relator\u00eda y traducci\u00f3n simult\u00e1nea al escrito<\/li>\n<li>Paquete de metodolog\u00edas y herramientas, adaptables a dos escenarios: semi-presencial y online, hechas en software libre: un servicio de videoconferencias (meet.coop), documentaci\u00f3n colaborativa (Teixidora), calendario y almacenamiento de ficheros Nextcloud (CommonsCloud) y metodolog\u00edas de facilitaci\u00f3n y dinamizaci\u00f3n.<\/li>\n<\/ul>\n","protected":false},"excerpt":{"rendered":"<p>Organizamos y facilitamos proyectos de investigaci\u00f3n, jornadas, eventos, reuniones y asambleas semi-presenciales y online Equipo de facilitaci\u00f3n de proyectos de investigaci\u00f3n, jornadas y eventos semi-presenciales y online Servicio de facilitaci\u00f3n de acciones de investigaci\u00f3n y experimentaci\u00f3n a trav\u00e9s de la &hellip; <a href=\"https:\/\/femprocomuns.coop\/es\/investigacion-facilitacion-y-relatorias\/\">Continuar<\/a><\/p>\n","protected":false},"author":1,"featured_media":0,"parent":0,"menu_order":0,"comment_status":"closed","ping_status":"closed","template":"","meta":{"kt_blocks_editor_width":"","footnotes":""},"class_list":["post-2066","page","type-page","status-publish","hentry"],"jetpack_sharing_enabled":true,"_links":{"self":[{"href":"https:\/\/femprocomuns.coop\/es\/wp-json\/wp\/v2\/pages\/2066","targetHints":{"allow":["GET"]}}],"collection":[{"href":"https:\/\/femprocomuns.coop\/es\/wp-json\/wp\/v2\/pages"}],"about":[{"href":"https:\/\/femprocomuns.coop\/es\/wp-json\/wp\/v2\/types\/page"}],"author":[{"embeddable":true,"href":"https:\/\/femprocomuns.coop\/es\/wp-json\/wp\/v2\/users\/1"}],"replies":[{"embeddable":true,"href":"https:\/\/femprocomuns.coop\/es\/wp-json\/wp\/v2\/comments?post=2066"}],"version-history":[{"count":1,"href":"https:\/\/femprocomuns.coop\/es\/wp-json\/wp\/v2\/pages\/2066\/revisions"}],"predecessor-version":[{"id":2068,"href":"https:\/\/femprocomuns.coop\/es\/wp-json\/wp\/v2\/pages\/2066\/revisions\/2068"}],"wp:attachment":[{"href":"https:\/\/femprocomuns.coop\/es\/wp-json\/wp\/v2\/media?parent=2066"}],"curies":[{"name":"wp","href":"https:\/\/api.w.org\/{rel}","templated":true}]}}