{"id":2848,"date":"2021-12-08T18:05:35","date_gmt":"2021-12-08T16:05:35","guid":{"rendered":"https:\/\/femprocomuns.coop\/?page_id=2848"},"modified":"2021-12-08T18:07:32","modified_gmt":"2021-12-08T16:07:32","slug":"como-funciona-teixidora","status":"publish","type":"page","link":"https:\/\/femprocomuns.coop\/es\/como-funciona-teixidora\/","title":{"rendered":"C\u00f3mo funciona Teixidora"},"content":{"rendered":"<h4>C\u00f3mo funciona Teixidora<\/h4>\n<ol>\n<li>Necesit\u00e1is recoger el conocimiento que surge de una charla o evento que est\u00e1is organizando.<\/li>\n<li>Teixidora se re\u00fane con vosotros, estudia vuestras necesidades, os asesora sobre c\u00f3mo estructurar la recogida de la informaci\u00f3n y los metadatos y prepara un presupuesto.<\/li>\n<li>Creamos una p\u00e1gina y un pad estructurado para cada sesi\u00f3n, en su caso una carpeta en la nube de CommonsCloud donde recoger diapos y materiales visuales, y creamos una p\u00e1gina din\u00e1mica de todo el evento que mostrar\u00e1 los resultados: las sesiones, la informaci\u00f3n recogida, y los metadatos relacionados.<\/li>\n<li>Facilitamos una hoja-gu\u00eda para moderadores \/ presentadores y posibles materiales como folletos o p\u00f3steres QR y enlaces (no incluye material y \/ o costes de impresi\u00f3n) y si es necesario hacemos una breve intervenci\u00f3n al principio del evento explicando a los asistentes como contribuir a la relator\u00eda colaborativa y su valor.<\/li>\n<li>Tomamos apuntes en abierto sobre el pad estructurado de la sesi\u00f3n. Tomamos notas cronol\u00f3gicamente, de lo que se va diciendo en la sesi\u00f3n, y paralelamente vamos recogiendo la informaci\u00f3n y los metadatos acordados, estructuradamente. El resto de participantes pueden comprobar que las notas son rigurosas y pueden contribuir y completarlas.<\/li>\n<li>Revisamos los apuntes para garantizar su calidad, corregimos faltas ortogr\u00e1ficas y tipogr\u00e1ficas m\u00e1s evidentes, y nos aseguramos de que cada secci\u00f3n de la estructura del pad ha recogido los contenidos de la manera acordada.<\/li>\n<li>Hacemos pasar un peque\u00f1o (ro)Bot que importa los datos de forma automatizada y separa los metadatos de los apuntes. Pasamos otro Bot \u200b\u200bque verifica la ortograf\u00eda y hacemos una revisi\u00f3n humana posterior para validarla.<\/li>\n<li>Volvemos a revisar el resultado de la importaci\u00f3n y visualizaci\u00f3n de la p\u00e1gina din\u00e1mica e incrustamos o enlazamos la documentaci\u00f3n recogida y \/ o publicada (diapos, v\u00eddeos, textos) durante el evento.<\/li>\n<\/ol>\n<h4>Algunos eventos recogidos en Teixidora:<\/h4>\n<ul>\n<li><b>Sobtec i MSC<\/b> <a title=\"Sobtec 2016 I Congr\u00e9s de Sobirania Tecnol\u00f2gica 2016-2-19\" href=\"https:\/\/www.teixidora.net\/wiki\/Sobtec_2016_I_Congr%C3%A9s_de_Sobirania_Tecnol%C3%B2gica_2016-2-19\">Sobtec 2016<\/a> \u00b7 <a title=\"Mobile Social Congress 23-2-2016\" href=\"https:\/\/www.teixidora.net\/wiki\/Mobile_Social_Congress_23-2-2016\">Msc 2016<\/a> \u00b7 <a class=\"mw-redirect\" title=\"Sobtec17\" href=\"https:\/\/www.teixidora.net\/wiki\/Sobtec17\">Sobtec 2017<\/a> \u00b7 <a title=\"MSC2017 (Mobile Social Congress) 2017\/02\/28\" href=\"https:\/\/www.teixidora.net\/wiki\/MSC2017_(Mobile_Social_Congress)_2017\/02\/28\">MSC 2017<\/a> \u00b7 <a title=\"Sobtec 2018 documentat\" href=\"https:\/\/www.teixidora.net\/wiki\/Sobtec_2018_documentat\">Sobtec 2018<\/a> \u00b7 <a class=\"mw-redirect\" title=\"Sobtec19\" href=\"https:\/\/www.teixidora.net\/wiki\/Sobtec19\">Sobtec 2019<\/a> \u00b7 <a class=\"mw-redirect\" title=\"Sobtec2020\" href=\"https:\/\/www.teixidora.net\/wiki\/Sobtec2020\">Sobtec 2020<\/a><\/li>\n<li><b>FESC i XES<\/b> <a title=\"La FESC 2018 es documenta\" href=\"https:\/\/www.teixidora.net\/wiki\/La_FESC_2018_es_documenta\">FESC 2018<\/a> \u00b7 <a class=\"mw-redirect\" title=\"COMUNESS19\" href=\"https:\/\/www.teixidora.net\/wiki\/COMUNESS19\">Comun_ESS 2019<\/a> \u00b7 <a class=\"mw-redirect\" title=\"EscolaESStiu2019\" href=\"https:\/\/www.teixidora.net\/wiki\/EscolaESStiu2019\">Escola d&#8217;Estiu 2019<\/a> \u00b7 <a class=\"mw-redirect\" title=\"FESC2019\" href=\"https:\/\/www.teixidora.net\/wiki\/FESC2019\">FESC 2019<\/a><\/li>\n<li><b>Trobades Procomuns i Sharing Cities<\/b> <a title=\"Economies col\u00b7laboratives procomuns 2016\/11\/03\" href=\"https:\/\/www.teixidora.net\/wiki\/Economies_col%C2%B7laboratives_procomuns_2016\/11\/03\">Procomuns 2016<\/a> \u00b7 <a title=\"Procomuns 2017 documentats\" href=\"https:\/\/www.teixidora.net\/wiki\/Procomuns_2017_documentats\">Procomuns 2017<\/a> \u00b7 <a class=\"mw-redirect\" title=\"SHAREBCN2018\" href=\"https:\/\/www.teixidora.net\/wiki\/SHAREBCN2018\">Sharing Cities 2018<\/a> \u00b7 <a class=\"mw-redirect\" title=\"SHARINGACTION2019\" href=\"https:\/\/www.teixidora.net\/wiki\/SHARINGACTION2019\">Sharing Cities Action 2019<\/a><\/li>\n<li><b>Ciutat Oberta Biennal de Pensament<\/b> <a class=\"mw-redirect\" title=\"CO2018\" href=\"https:\/\/www.teixidora.net\/wiki\/CO2018\">1a edici\u00f3 2018<\/a><\/li>\n<li><b>Horitzons comuns i Commons Camps<\/b> <a class=\"mw-redirect\" title=\"CCMRS2020\" href=\"https:\/\/www.teixidora.net\/wiki\/CCMRS2020\">Marsella 1\/2020<\/a> \u00b7 Proc\u00e9s <a class=\"mw-redirect\" title=\"HC\" href=\"https:\/\/www.teixidora.net\/wiki\/HC\">Horitzons comuns<\/a><\/li>\n<li><b>Per anys<\/b> <a title=\"Categoria:Esdeveniments amb apunts\/2016\" href=\"https:\/\/www.teixidora.net\/wiki\/Categoria:Esdeveniments_amb_apunts\/2016\">2016<\/a> \u00b7 <a title=\"Categoria:Esdeveniments amb apunts\/2017\" href=\"https:\/\/www.teixidora.net\/wiki\/Categoria:Esdeveniments_amb_apunts\/2017\">2017<\/a> \u00b7 <a title=\"Categoria:Esdeveniments amb apunts\/2018\" href=\"https:\/\/www.teixidora.net\/wiki\/Categoria:Esdeveniments_amb_apunts\/2018\">2018<\/a> \u00b7 <a title=\"Categoria:Esdeveniments amb apunts\/2019\" href=\"https:\/\/www.teixidora.net\/wiki\/Categoria:Esdeveniments_amb_apunts\/2019\">2019<\/a> \u00b7 <a title=\"Categoria:Esdeveniments amb apunts\/2020\" href=\"https:\/\/www.teixidora.net\/wiki\/Categoria:Esdeveniments_amb_apunts\/2020\">2020 &#8211; <\/a><a href=\"https:\/\/www.teixidora.net\/wiki\/Categoria:Esdeveniments_amb_apunts\/2021\" target=\"_blank\" rel=\"noopener noreferrer\">2021<\/a><\/li>\n<\/ul>\n","protected":false},"excerpt":{"rendered":"<p>C\u00f3mo funciona Teixidora Necesit\u00e1is recoger el conocimiento que surge de una charla o evento que est\u00e1is organizando. Teixidora se re\u00fane con vosotros, estudia vuestras necesidades, os asesora sobre c\u00f3mo estructurar la recogida de la informaci\u00f3n y los metadatos y prepara &hellip; <a href=\"https:\/\/femprocomuns.coop\/es\/como-funciona-teixidora\/\">Continuar<\/a><\/p>\n","protected":false},"author":1,"featured_media":0,"parent":0,"menu_order":0,"comment_status":"closed","ping_status":"closed","template":"","meta":{"kt_blocks_editor_width":"","footnotes":""},"class_list":["post-2848","page","type-page","status-publish","hentry"],"jetpack_sharing_enabled":true,"_links":{"self":[{"href":"https:\/\/femprocomuns.coop\/es\/wp-json\/wp\/v2\/pages\/2848","targetHints":{"allow":["GET"]}}],"collection":[{"href":"https:\/\/femprocomuns.coop\/es\/wp-json\/wp\/v2\/pages"}],"about":[{"href":"https:\/\/femprocomuns.coop\/es\/wp-json\/wp\/v2\/types\/page"}],"author":[{"embeddable":true,"href":"https:\/\/femprocomuns.coop\/es\/wp-json\/wp\/v2\/users\/1"}],"replies":[{"embeddable":true,"href":"https:\/\/femprocomuns.coop\/es\/wp-json\/wp\/v2\/comments?post=2848"}],"version-history":[{"count":3,"href":"https:\/\/femprocomuns.coop\/es\/wp-json\/wp\/v2\/pages\/2848\/revisions"}],"predecessor-version":[{"id":2851,"href":"https:\/\/femprocomuns.coop\/es\/wp-json\/wp\/v2\/pages\/2848\/revisions\/2851"}],"wp:attachment":[{"href":"https:\/\/femprocomuns.coop\/es\/wp-json\/wp\/v2\/media?parent=2848"}],"curies":[{"name":"wp","href":"https:\/\/api.w.org\/{rel}","templated":true}]}}