{"id":307,"date":"2019-06-06T18:11:39","date_gmt":"2019-06-06T16:11:39","guid":{"rendered":"http:\/\/femprocomuns.coop\/?page_id=307"},"modified":"2019-06-22T08:37:56","modified_gmt":"2019-06-22T06:37:56","slug":"grupos-de-actividad-cooperativizada","status":"publish","type":"page","link":"https:\/\/femprocomuns.coop\/es\/sobre-femprocomuns\/grupos-de-actividad-cooperativizada\/","title":{"rendered":"Grupos de Actividad Cooperativizada"},"content":{"rendered":"<p><span class=\"tlid-translation translation\" lang=\"es\">Las cooperativistas y los Grupos de Actividad Cooperativizada (GAC) trabajamos en temas de innovaci\u00f3n, dise\u00f1o, desarrollo, fabricaci\u00f3n, implementaci\u00f3n, programas de incubaci\u00f3n, impulso y promoci\u00f3n econ\u00f3mica, uso de productos, metodolog\u00edas, redes y servicios, investigaci\u00f3n, venta, distribuci\u00f3n y entrega de bienes y servicios, actividades art\u00edsticas y culturales,\u00a0 activismo cultural, formaci\u00f3n, cursos, talleres, eventos, actividad editorial, periodismo, comunicaci\u00f3n, organizaci\u00f3n de eventos, gesti\u00f3n de espacios, &#8230;&#8230; siempre mirando de seguir criterios procomunes.<\/span> <span class=\"tlid-translation translation\" lang=\"es\"><span class=\"\" title=\"\">\u00bfQu\u00e9 es el<\/span> <span title=\"\">procom\u00fan<\/span><span title=\"\">?<\/span><\/span><\/p>\r\n<ul>\r\n<li><span class=\"tlid-translation translation\" lang=\"es\"><span title=\"\">Para<\/span> <span class=\"\" title=\"\">todo el mundo<\/span> <span title=\"\">(<\/span><span title=\"\">accesible,<\/span> <span title=\"\">compartido,<\/span> <span title=\"\">replicable<\/span><span title=\"\">)<\/span><\/span><\/li>\r\n<li><span class=\"tlid-translation translation\" lang=\"es\"><span class=\"\" title=\"\">Producido<\/span> <span title=\"\">entre todos<\/span> <span title=\"\">(<\/span><span title=\"\">todo el mundo<\/span> <span title=\"\">contribuye<\/span> <span title=\"\">\/<\/span> <span title=\"\">puede<\/span> <span title=\"\">contribuir<\/span><span class=\"\" title=\"\">)<\/span><\/span><\/li>\r\n<li><span class=\"tlid-translation translation\" lang=\"es\"><span class=\"\" title=\"\">Sostenible<\/span> <span title=\"\">(<\/span><span title=\"\">no<\/span> <span title=\"\">agotamos<\/span> <span title=\"\">los recursos<\/span> <span title=\"\">\/ reproducci\u00f3n<\/span> <span title=\"\">\/<\/span> <span title=\"\">relaciones justas<\/span><span title=\"\">)<\/span><\/span><\/li>\r\n<li><span class=\"tlid-translation translation\" lang=\"es\"><span class=\"\" title=\"\">Gestionado<\/span> <span class=\"\" title=\"\">entre todos<\/span> <span title=\"\">(<\/span><span title=\"\">todos participan<\/span> <span title=\"\">\/<\/span> <span title=\"\">pueden participar<\/span> <span title=\"\">en la gobernanza<\/span><span title=\"\">)<\/span> <span title=\"\">*<\/span><\/span><\/li>\r\n<\/ul>\r\n\r\n<h4 class=\"wp-block-heading\">Grupos d&#8217;Actividad Cooperativizada activos<\/h4>\r\n<figure id=\"attachment_371\" class=\"thumbnail wp-caption alignright\" style=\"width: 500px\"><img loading=\"lazy\" decoding=\"async\" class=\"wp-image-371\" src=\"http:\/\/femprocomuns.coop\/wp-content\/uploads\/2019\/06\/ModelOrganitzaci\u00f3_femProcomuns_01.png\" alt=\"\" width=\"500\" height=\"462\" \/><figcaption class=\"caption wp-caption-text\">Model d&#8217;organitzaci\u00f3 femProcomuns<\/figcaption><\/figure>\r\n\r\n\r\n\r\n<h5><strong>GAC de Acciones Comunificadoras:<\/strong><\/h5>\r\n\r\n\r\n\r\n<ul class=\"wp-block-list\">\r\n<li><a href=\"http:\/\/femprocomuns.coop\/portfolio\/la-comunificadora\/\">La Comunificadora<\/a><\/li>\r\n<li>Talleres de Cooperativismo de plataforma<\/li>\r\n<li>Dise\u00f1o de la<a href=\"http:\/\/femprocomuns.coop\/portfolio\/incubadora-de-coopolis\/\"> incubadora de Co\u00f2polis<\/a><\/li>\r\n<\/ul>\r\n\r\n\r\n\r\n\r\n\r\n<h5><strong>GAC <a href=\"http:\/\/femprocomuns.coop\/portfolio\/commonscloud\/\">CommonsCloud<\/a><\/strong><\/h5>\r\n\r\n\r\n\r\n<ul class=\"wp-block-list\">\r\n<li>Desarrollo de la plataforma<\/li>\r\n<li>Acompa\u00f1amiento de la comunitat de usuarias<\/li>\r\n<li>Formaciones<\/li>\r\n<\/ul>\r\n\r\n\r\n\r\n<h5><strong>GAC <a href=\"http:\/\/femprocomuns.coop\/portfolio\/teixidora-net\/\">Teixidora<\/a><\/strong><\/h5>\r\n\r\n\r\n\r\n<ul class=\"wp-block-list\">\r\n<li>Desarrollo de la plataforma<\/li>\r\n<li>Acompa\u00f1amiento de la comunidad de apunteros<\/li>\r\n<li>Cobertura de eventos, por ejemplo:\r\n<ul>\r\n<li><a href=\"https:\/\/www.teixidora.net\/wiki\/Ciutat_oberta_2018_es_documenta\">Ciutat Oberta<\/a><\/li>\r\n<li><a href=\"https:\/\/www.teixidora.net\/wiki\/La_FESC_2018_es_documenta\">FESC<\/a><\/li>\r\n<li><a href=\"https:\/\/www.teixidora.net\/wiki\/Sobtec_2018_III_Congr%C3%A9s_de_Sobirania_Tecnol%C3%B2gica_2017\/03\/04\">SobTEC<\/a><\/li>\r\n<li><a href=\"https:\/\/www.teixidora.net\/wiki\/Share_Barcelona_2018_es_documenta\">ShareBCN<\/a><\/li>\r\n<\/ul>\r\n<\/li>\r\n<\/ul>\r\n\r\n\r\n\r\n<p>&nbsp;<\/p>","protected":false},"excerpt":{"rendered":"<p>Las cooperativistas y los Grupos de Actividad Cooperativizada (GAC) trabajamos en temas de innovaci\u00f3n, dise\u00f1o, desarrollo, fabricaci\u00f3n, implementaci\u00f3n, programas de incubaci\u00f3n, impulso y promoci\u00f3n econ\u00f3mica, uso de productos, metodolog\u00edas, redes y servicios, investigaci\u00f3n, venta, distribuci\u00f3n y entrega de bienes y &hellip; <a href=\"https:\/\/femprocomuns.coop\/es\/sobre-femprocomuns\/grupos-de-actividad-cooperativizada\/\">Continuar<\/a><\/p>\n","protected":false},"author":1,"featured_media":0,"parent":70,"menu_order":0,"comment_status":"closed","ping_status":"closed","template":"","meta":{"kt_blocks_editor_width":"","footnotes":""},"class_list":["post-307","page","type-page","status-publish","hentry"],"jetpack_sharing_enabled":true,"_links":{"self":[{"href":"https:\/\/femprocomuns.coop\/es\/wp-json\/wp\/v2\/pages\/307","targetHints":{"allow":["GET"]}}],"collection":[{"href":"https:\/\/femprocomuns.coop\/es\/wp-json\/wp\/v2\/pages"}],"about":[{"href":"https:\/\/femprocomuns.coop\/es\/wp-json\/wp\/v2\/types\/page"}],"author":[{"embeddable":true,"href":"https:\/\/femprocomuns.coop\/es\/wp-json\/wp\/v2\/users\/1"}],"replies":[{"embeddable":true,"href":"https:\/\/femprocomuns.coop\/es\/wp-json\/wp\/v2\/comments?post=307"}],"version-history":[{"count":2,"href":"https:\/\/femprocomuns.coop\/es\/wp-json\/wp\/v2\/pages\/307\/revisions"}],"predecessor-version":[{"id":391,"href":"https:\/\/femprocomuns.coop\/es\/wp-json\/wp\/v2\/pages\/307\/revisions\/391"}],"up":[{"embeddable":true,"href":"https:\/\/femprocomuns.coop\/es\/wp-json\/wp\/v2\/pages\/70"}],"wp:attachment":[{"href":"https:\/\/femprocomuns.coop\/es\/wp-json\/wp\/v2\/media?parent=307"}],"curies":[{"name":"wp","href":"https:\/\/api.w.org\/{rel}","templated":true}]}}