{"id":3121,"date":"2022-01-05T19:41:21","date_gmt":"2022-01-05T17:41:21","guid":{"rendered":"https:\/\/femprocomuns.coop\/?page_id=3121"},"modified":"2022-01-05T19:41:21","modified_gmt":"2022-01-05T17:41:21","slug":"incubadora-de-coopolis","status":"publish","type":"page","link":"https:\/\/femprocomuns.coop\/es\/incubadora-de-coopolis\/","title":{"rendered":"Incubadora de Co\u00f3polis"},"content":{"rendered":"<div class=\"vc_row wpb_row vc_row-fluid vc_custom_1549629620759 vc_row-has-fill\">\n<div class=\"wpb_column vc_column_container vc_col-sm-8\">\n<div class=\"vc_column-inner \">\n<div class=\"wpb_wrapper\">\n<div class=\"wpb_text_column wpb_content_element \">\n<div class=\"wpb_wrapper\"><strong>En 2019 y junto con LabCoop, coordinamos el proceso de co-creaci\u00f3n, puesto en marcha desde Co\u00f2polis, para definir c\u00f3mo deb\u00eda ser la comunidad de incubaci\u00f3n y el espacio f\u00edsico que preve\u00eda abrir sus puertas en Can Batll\u00f3 en octubre. Este proceso de co-creaci\u00f3n y dise\u00f1o colectivo lo pensamos e hicimos entre todas: cooperativas del Ateneu, cooperativas y personas vinculadas a los espacios de incubaci\u00f3n y co-trabajo de Barcelona y tambi\u00e9n personas y proyectos que estaban emprendiendo de forma cooperativa, en todas sus fases, y que ten\u00edan mucho que aportar como protagonistas y futuros acogidos en este espacio.<\/strong><\/div>\n<\/div>\n<\/div>\n<\/div>\n<\/div>\n<\/div>\n<div class=\"vc_row wpb_row vc_row-fluid\">\n<div class=\"wpb_column vc_column_container vc_col-sm-2\">\n<div class=\"vc_column-inner \">\n<div id=\"kad-wp-gallery11\" class=\"kad-wp-gallery kad-light-wp-gallery clearfix kt-gallery-column-3 rowtight\"><div class=\"tcol-lg-4 tcol-md-4 tcol-sm-4 tcol-xs-6 tcol-ss-12 g_item\"><div class=\"grid_item kad_gallery_fade_in gallery_item\"><a href=\"https:\/\/femprocomuns.coop\/wp-content\/uploads\/2020\/12\/IMG_20190604_130313.jpg_slides.png\" data-rel=\"lightbox\" class=\"lightboxhover\"><img loading=\"lazy\" decoding=\"async\" src=\"https:\/\/femprocomuns.coop\/wp-content\/uploads\/2020\/12\/IMG_20190604_130313.jpg_slides-400x400.png\" width=\"400\" height=\"400\" alt=\"Cartography Session at Co\u00f3polis\" srcset=\"https:\/\/femprocomuns.coop\/wp-content\/uploads\/2020\/12\/IMG_20190604_130313.jpg_slides-400x400.png 400w, https:\/\/femprocomuns.coop\/wp-content\/uploads\/2020\/12\/IMG_20190604_130313.jpg_slides-150x150.png 150w\" sizes=\"auto, (max-width: 400px) 100vw, 400px\" class=\"light-dropshaddow\"\/><\/a><\/div><\/div><div class=\"tcol-lg-4 tcol-md-4 tcol-sm-4 tcol-xs-6 tcol-ss-12 g_item\"><div class=\"grid_item kad_gallery_fade_in gallery_item\"><a href=\"https:\/\/femprocomuns.coop\/wp-content\/uploads\/2019\/09\/foto_LaBonne_codisseny_incubacioCoopolis.jpeg\" data-rel=\"lightbox\" class=\"lightboxhover\"><img loading=\"lazy\" decoding=\"async\" src=\"https:\/\/femprocomuns.coop\/wp-content\/uploads\/2019\/09\/foto_LaBonne_codisseny_incubacioCoopolis-400x400.jpeg\" width=\"400\" height=\"400\" alt=\"Codisseny de la Incubadora de Co\u00f2plis\" srcset=\"https:\/\/femprocomuns.coop\/wp-content\/uploads\/2019\/09\/foto_LaBonne_codisseny_incubacioCoopolis-400x400.jpeg 400w, https:\/\/femprocomuns.coop\/wp-content\/uploads\/2019\/09\/foto_LaBonne_codisseny_incubacioCoopolis-150x150.jpeg 150w, https:\/\/femprocomuns.coop\/wp-content\/uploads\/2019\/09\/foto_LaBonne_codisseny_incubacioCoopolis-800x800.jpeg 800w\" sizes=\"auto, (max-width: 400px) 100vw, 400px\" class=\"light-dropshaddow\"\/><\/a><\/div><\/div><div class=\"tcol-lg-4 tcol-md-4 tcol-sm-4 tcol-xs-6 tcol-ss-12 g_item\"><div class=\"grid_item kad_gallery_fade_in gallery_item\"><a href=\"https:\/\/femprocomuns.coop\/wp-content\/uploads\/2019\/02\/IMG_20190218_175617_1.jpg\" data-rel=\"lightbox\" class=\"lightboxhover\"><img loading=\"lazy\" decoding=\"async\" src=\"https:\/\/femprocomuns.coop\/wp-content\/uploads\/2019\/02\/IMG_20190218_175617_1-400x400.jpg\" width=\"400\" height=\"400\" alt=\"Codisseny de la Incubadora de Co\u00f2polis\" srcset=\"https:\/\/femprocomuns.coop\/wp-content\/uploads\/2019\/02\/IMG_20190218_175617_1-400x400.jpg 400w, https:\/\/femprocomuns.coop\/wp-content\/uploads\/2019\/02\/IMG_20190218_175617_1-150x150.jpg 150w, https:\/\/femprocomuns.coop\/wp-content\/uploads\/2019\/02\/IMG_20190218_175617_1-800x800.jpg 800w\" sizes=\"auto, (max-width: 400px) 100vw, 400px\" class=\"light-dropshaddow\"\/><\/a><\/div><\/div><\/div>\n<\/div>\n<\/div>\n<div class=\"wpb_column vc_column_container vc_col-sm-8\">\n<div class=\"vc_column-inner \">\n<div class=\"wpb_wrapper\">\n<div class=\"wpb_text_column wpb_content_element \">\n<div class=\"wpb_wrapper\">\n<p><strong>Actividades del c\u00edrculo:<br \/>\n<\/strong><\/p>\n<\/div>\n<\/div>\n<div class=\"wpb_text_column wpb_content_element \">\n<div class=\"wpb_wrapper\">\n<p>\u2022 <strong> Un Cat\u00e1logo de buenas pr\u00e1cticas de espacios de incubaci\u00f3n, principalmente de Catalu\u00f1a, con algunos casos de otros lugares.<\/strong><\/p>\n<p>\u2022 La realizaci\u00f3n de 14 talleres de co-creaci\u00f3n para definir, conceptualizar y dise\u00f1ar de manera colectiva como debe ser la Comunidad de Incubaci\u00f3n de Co\u00f2polis del futuro (2 sesiones generales y 12 de tem\u00e1ticas, abordando las migraciones, la educaci\u00f3n, la movilidad, la dimensi\u00f3n comunitaria, entre muchas otras).<\/p>\n<p>\u2022 Un espacio de co-trabajo provisional para iniciar esta comunidad de incubaci\u00f3n que puede acoger a proyectos<\/p>\n<p>\u2022 Talleres grupales y acompa\u00f1amientos a la consolidaci\u00f3n<\/p>\n<p>Queremos que esta comunidad de incubaci\u00f3n para proyectos cooperativos y comunitarios, que a la vez tambi\u00e9n acoger\u00e1 un espacio de co-trabajo, debe generar din\u00e1micas de colaboraci\u00f3n, co-gesti\u00f3n y compromiso con la comunidad para favorecer al m\u00e1ximo todas las potencialidades de intercooperaci\u00f3n en Barcelona.<\/p>\n<\/div>\n<\/div>\n<\/div>\n<\/div>\n<\/div>\n<\/div>\n<div><\/div>\n<div><\/div>\n","protected":false},"excerpt":{"rendered":"<p>En 2019 y junto con LabCoop, coordinamos el proceso de co-creaci\u00f3n, puesto en marcha desde Co\u00f2polis, para definir c\u00f3mo deb\u00eda ser la comunidad de incubaci\u00f3n y el espacio f\u00edsico que preve\u00eda abrir sus puertas en Can Batll\u00f3 en octubre. Este &hellip; <a href=\"https:\/\/femprocomuns.coop\/es\/incubadora-de-coopolis\/\">Continuar<\/a><\/p>\n","protected":false},"author":1,"featured_media":0,"parent":0,"menu_order":0,"comment_status":"closed","ping_status":"closed","template":"","meta":{"kt_blocks_editor_width":"","footnotes":""},"class_list":["post-3121","page","type-page","status-publish","hentry"],"jetpack_sharing_enabled":true,"_links":{"self":[{"href":"https:\/\/femprocomuns.coop\/es\/wp-json\/wp\/v2\/pages\/3121","targetHints":{"allow":["GET"]}}],"collection":[{"href":"https:\/\/femprocomuns.coop\/es\/wp-json\/wp\/v2\/pages"}],"about":[{"href":"https:\/\/femprocomuns.coop\/es\/wp-json\/wp\/v2\/types\/page"}],"author":[{"embeddable":true,"href":"https:\/\/femprocomuns.coop\/es\/wp-json\/wp\/v2\/users\/1"}],"replies":[{"embeddable":true,"href":"https:\/\/femprocomuns.coop\/es\/wp-json\/wp\/v2\/comments?post=3121"}],"version-history":[{"count":2,"href":"https:\/\/femprocomuns.coop\/es\/wp-json\/wp\/v2\/pages\/3121\/revisions"}],"predecessor-version":[{"id":3127,"href":"https:\/\/femprocomuns.coop\/es\/wp-json\/wp\/v2\/pages\/3121\/revisions\/3127"}],"wp:attachment":[{"href":"https:\/\/femprocomuns.coop\/es\/wp-json\/wp\/v2\/media?parent=3121"}],"curies":[{"name":"wp","href":"https:\/\/api.w.org\/{rel}","templated":true}]}}