{"id":3182,"date":"2022-01-21T20:06:18","date_gmt":"2022-01-21T18:06:18","guid":{"rendered":"https:\/\/femprocomuns.coop\/?page_id=3182"},"modified":"2022-12-20T22:02:57","modified_gmt":"2022-12-20T20:02:57","slug":"ecosistema-transitando","status":"publish","type":"page","link":"https:\/\/femprocomuns.coop\/es\/ecosistema-transitando\/","title":{"rendered":"Ecosistema Transitando"},"content":{"rendered":"<p style=\"text-align: center;\"><img loading=\"lazy\" decoding=\"async\" class=\"aligncenter wp-image-3176 size-large\" src=\"https:\/\/femprocomuns.coop\/wp-content\/uploads\/2022\/01\/EcosistemaTransitando-1024x207.png\" alt=\"\" width=\"1024\" height=\"227\" \/><\/p>\n<p>&nbsp;<\/p>\n<h3><span class=\"css-901oao css-16my406 r-poiln3 r-bcqeeo r-qvutc0\">Sesiones de trabajo para pensar -desde una mirada procom\u00fan- algunos retos de hoy, viendo la producci\u00f3n, el abastecimiento y los impactos medioambientales.<br \/>\n<\/span><\/h3>\n<div class=\"row\"> <div class=\"col-md-6\">\n<img loading=\"lazy\" decoding=\"async\" class=\"\" src=\"https:\/\/femprocomuns.coop\/wp-content\/uploads\/2022\/04\/Transitant_Energia.png\" width=\"357\" height=\"99\" \/><br \/>\n<strong>La energ\u00eda: un procom\u00fan<\/strong><br \/>\n<i class=\"icon-time\" style=\"font-size:14px; color:#d2bc42;\"><\/i> Cuando: 15 de marzo, de 11h a 14h<br \/>\n<i class=\"icon-map-marker\" style=\"font-size:14px; color:#d2bc42;\"><\/i> D\u00f3nde: Espai Tarragona Impulsa, Sala Green (Tarragona)<br \/>\n<i class=\"icon-group\" style=\"font-size:14px; color:#d2bc42;\"><\/i> Con quien: <a href=\"https:\/\/instajuridic.com\/en\/\" target=\"_blank\" rel=\"noopener noreferrer\">INSTA Jur\u00eddic<\/a><br \/>\n<i class=\"icon-rocket\" style=\"font-size:14px; color:#d2bc42;\"><\/i> Sesi\u00f3n Transitando en Tarragona.<a href=\"https:\/\/femprocomuns.coop\/sesion-transitando-en-tarragona-la-energia-un-procomun\/?lang=es\" target=\"_blank\" rel=\"noopener noreferrer\"> La Energia: un procom\u00fan<\/a><\/p>\n<a href=\"https:\/\/oficina.commonscloud.coop\/s\/Bgo2jd7zwEJLfi3\" class=\"btn button btn-shortcode kad-btn kad-btn-primary\" id=\"kadbtn755\" target=\"_blank\" style=\"color:#FFF;\">Informe Energia (solo en catal\u00e1n)<\/a>\n<\/div><div class=\"col-md-6\">\n<img loading=\"lazy\" decoding=\"async\" src=\"https:\/\/femprocomuns.coop\/wp-content\/uploads\/2022\/04\/Transitant_Metodologies.png\" width=\"357\" height=\"99\" \/><br \/>\n<strong>Metodolog\u00edas para el procom\u00fan<\/strong><br \/>\n<i class=\"icon-time\" style=\"font-size:14px; color:#d2bc42;\"><\/i> Cuando 12 de mayo, de 15:30 a 18:30h<br \/>\n<i class=\"icon-map-marker\" style=\"font-size:14px; color:#d2bc42;\"><\/i> D\u00f3nde: Ateneu Coma Cros, Salt (Girona)<br \/>\n<i class=\"icon-group\" style=\"font-size:14px; color:#d2bc42;\"><\/i> Con quien: C\u00e0tedra Unesco de la Universitat de Girona<br \/>\n<i class=\"icon-rocket\" style=\"font-size:14px; color:#d2bc42;\"><\/i> Sesi\u00f3n Transitando en Salt. <a href=\"https:\/\/femprocomuns.coop\/sesion-transitando-en-salt-metodologias-para-el-procomun\/?lang=es\" target=\"_blank\" rel=\"noopener noreferrer\">Metodolog\u00edas del procom\u00fan<\/a><\/p>\n<a href=\"https:\/\/oficina.commonscloud.coop\/s\/P8RP9SfN3tA4462\" class=\"btn button btn-shortcode kad-btn kad-btn-primary\" id=\"kadbtn428\" target=\"_blank\" style=\"color:#FFF;\">Informe Metodologies (solo en catal\u00e1n)<\/a>\n<\/div><\/div>\n<p>&nbsp;<\/p>\n<div class=\"row\"> <div class=\"col-md-6\">\n<img loading=\"lazy\" decoding=\"async\" src=\"https:\/\/femprocomuns.coop\/wp-content\/uploads\/2022\/04\/Transitant_Voluntariat_procomu-1.png\" width=\"357\" height=\"99\" \/><br \/>\n<strong>El voluntariado en el procom\u00fan<\/strong><br \/>\n<i class=\"icon-time\" style=\"font-size:14px; color:#d2bc42;\"><\/i> Cuando: 19 de mayo, de 17:00 a 20:00h<br \/>\n<i class=\"icon-map-marker\" style=\"font-size:14px; color:#d2bc42;\"><\/i> D\u00f3nde: Can Fugarolas, Matar\u00f3<br \/>\n<i class=\"icon-group\" style=\"font-size:14px; color:#d2bc42;\"><\/i> Con quien: Som Mobilitat<br \/>\n<i class=\"icon-rocket\" style=\"font-size:14px; color:#d2bc42;\"><\/i> Sesi\u00f3n Transitando en Matar\u00f3. <a href=\"https:\/\/femprocomuns.coop\/sessio-transitant-a-mataro-el-treball-voluntari-en-el-procomu\/\" target=\"_blank\" rel=\"noopener noreferrer\">El voluntariat: un procom\u00fa<\/a><br \/>\n<i class=\"icon-bookmark\" style=\"font-size:14px; color:#d2bc42;\"><\/i> Informe El voluntariat: un procom\u00fa<\/p>\n<\/div><div class=\"col-md-6\">\n<img loading=\"lazy\" decoding=\"async\" src=\"https:\/\/femprocomuns.coop\/wp-content\/uploads\/2022\/04\/Transitant_Territori.png\" width=\"357\" height=\"99\" \/><br \/>\n<strong>El territorio: un procom\u00fan<\/strong><br \/>\n<i class=\"icon-time\" style=\"font-size:14px; color:#d2bc42;\"><\/i> Cuando: 23 de mayo, de 16:00 a 19:00h<br \/>\n<i class=\"icon-map-marker\" style=\"font-size:14px; color:#d2bc42;\"><\/i> D\u00f3nde: Casal La Llavor El Prat de Llobregat, Barcelona<br \/>\n<i class=\"icon-group\" style=\"font-size:14px; color:#d2bc42;\"><\/i> Con quien: Fons de Defensa Ambiental y la Cl\u00ednica Jur\u00eddica de Dret Ambiental de la UAB<br \/>\n<i class=\"icon-rocket\" style=\"font-size:14px; color:#d2bc42;\"><\/i> Sesi\u00f3n Transitando en El Prat. <a href=\"https:\/\/femprocomuns.coop\/sessio-transitant-al-prat-de-llobregat-el-territori-com-a-procomu\/\" target=\"_blank\" rel=\"noopener noreferrer\">La cust\u00f2dia i la defensa del territori: un procom\u00fa<\/a><br \/>\n<i class=\"icon-bookmark\" style=\"font-size:14px; color:#d2bc42;\"><\/i> Informe El territori: un procom\u00fa<\/p>\n<a href=\"https:\/\/oficina.commonscloud.coop\/s\/KcipDkD5zCoGcJs\" class=\"btn button btn-shortcode kad-btn kad-btn-primary\" id=\"kadbtn873\" target=\"_blank\" style=\"color:#FFF;\">Informe Territori (solo en catal\u00e1n)<\/a>\n<\/div><\/div>\n<p>&nbsp;<\/p>\n<div class=\"row\"> <div class=\"col-md-6\">\n<p><img loading=\"lazy\" decoding=\"async\" src=\"https:\/\/femprocomuns.coop\/wp-content\/uploads\/2022\/05\/Transitant_Habitatge.png\" width=\"357\" height=\"99\" \/><br \/>\n<strong>La vivienda: un procom\u00fan<\/strong><br \/>\n<i class=\"icon-time\" style=\"font-size:14px; color:#d2bc42;\"><\/i> Cuando: 10 de junio, de 16:00 a 19:00h<br \/>\n<i class=\"icon-map-marker\" style=\"font-size:14px; color:#d2bc42;\"><\/i> D\u00f3nde: N\u00faria Social, Olot<br \/>\n<i class=\"icon-group\" style=\"font-size:14px; color:#d2bc42;\"><\/i> Con quien: <a href=\"https:\/\/resilience.earth\" target=\"_blank\" rel=\"noopener noreferrer\">Resilience Earth<\/a><br \/>\n<i class=\"icon-rocket\" style=\"font-size:14px; color:#d2bc42;\"><\/i> Sesi\u00f3n Transitando en Olot. <a href=\"https:\/\/femprocomuns.coop\/sessio-transitant-a-olot-lhabitatge-com-a-procomu\/\" target=\"_blank\" rel=\"noopener noreferrer\">L\u2019habitatge com a procom\u00fa<\/a><\/p>\n<a href=\"https:\/\/oficina.commonscloud.coop\/s\/7M9fFwC4WikGPij\" class=\"btn button btn-shortcode kad-btn kad-btn-primary\" id=\"kadbtn479\" target=\"_blank\" style=\"color:#FFF;\">Informe Habitatge (solo en catal\u00e1n)<\/a>\n<\/div><div class=\"col-md-6\">\n<img loading=\"lazy\" decoding=\"async\" src=\"https:\/\/femprocomuns.coop\/wp-content\/uploads\/2022\/04\/Transitant_Cures.png\" width=\"357\" height=\"99\" \/><br \/>\n<strong>Las curas: un procom\u00fan<\/strong><br \/>\n<i class=\"icon-time\" style=\"font-size:14px; color:#d2bc42;\"><\/i> Cuando: 30 de junio de 10:00 a 13:00h<br \/>\n<i class=\"icon-map-marker\" style=\"font-size:14px; color:#d2bc42;\"><\/i> D\u00f3nde: Casa Flors Sirera, Manresa<br \/>\n<i class=\"icon-group\" style=\"font-size:14px; color:#d2bc42;\"><\/i> Con quien: <a href=\"http:\/\/larada.net\/\" target=\"_blank\" rel=\"noopener noreferrer\">L&#8217;Arada<\/a> y <a href=\"https:\/\/www.sudergintza.eus\/ca\/\" target=\"_blank\" rel=\"noopener noreferrer\">Suderginza <\/a><br \/>\n<i class=\"icon-rocket\" style=\"font-size:14px; color:#d2bc42;\"><\/i> Sesi\u00f3n Transitando en Manresa.<a href=\"https:\/\/femprocomuns.coop\/sessio-transitant-a-manresa-les-cures-com-a-procomu\/\" target=\"_blank\" rel=\"noopener noreferrer\"> Les cures, un procom\u00fa<\/a><\/p>\n<a href=\"https:\/\/oficina.commonscloud.coop\/s\/jBJCGECctjqpRHM\" class=\"btn button btn-shortcode kad-btn kad-btn-primary\" id=\"kadbtn666\" target=\"_blank\" style=\"color:#FFF;\">Informe Cures (solo en catal\u00e1n)<\/a>\n<\/div><\/div>\n<p>&nbsp;<\/p>\n<div class=\"row\"> <div class=\"col-md-6\">\n<img loading=\"lazy\" decoding=\"async\" src=\"https:\/\/femprocomuns.coop\/wp-content\/uploads\/2022\/04\/Transitant_Alimentacio.png\" width=\"357\" height=\"99\" \/><br \/>\n<strong>La alimentaci\u00f3n: un procom\u00fan<\/strong><br \/>\n<i class=\"icon-time\" style=\"font-size:14px; color:#d2bc42;\"><\/i> Cuando: 13 de septiembre, de 17:00 a 20:00<br \/>\n<i class=\"icon-map-marker\" style=\"font-size:14px; color:#d2bc42;\"><\/i> D\u00f3nde: Espai Pomezia en l&#8217;Hospitalet<br \/>\n<i class=\"icon-group\" style=\"font-size:14px; color:#d2bc42;\"><\/i> Con quien: <a href=\"https:\/\/lafundicio.net\" target=\"_blank\" rel=\"noopener noreferrer\">La Fundici\u00f3<\/a> i La Florida S&#8217;Ave\u00efna<br \/>\n<i class=\"icon-rocket\" style=\"font-size:14px; color:#d2bc42;\"><\/i> Sesi\u00f3n Transitando. <a href=\"https:\/\/femprocomuns.coop\/sessio-de-treball-a-hospitalet-l-alimentacio-com-a-procomu\/\" target=\"_blank\" rel=\"noopener noreferrer\"> L&#8217;alimentaci\u00f3 un procom\u00fa<\/a><\/p>\n<a href=\"https:\/\/oficina.commonscloud.coop\/s\/xLa22nRL85mTakz\" class=\"btn button btn-shortcode kad-btn kad-btn-primary\" id=\"kadbtn61\" target=\"_blank\" style=\"color:#FFF;\">Informe Alimentaci\u00f3n (solo en catal\u00e1n)<\/a>\n<\/div><div class=\"col-md-6\">\n<p><img loading=\"lazy\" decoding=\"async\" src=\"https:\/\/femprocomuns.coop\/wp-content\/uploads\/2022\/04\/Transitant_Aigua.png\" width=\"357\" height=\"99\" \/><br \/>\n<strong>El agua: un procom\u00fan<\/strong><br \/>\n<i class=\"icon-time\" style=\"font-size:14px; color:#d2bc42;\"><\/i> Cuando: 17 de septiembre, de 09:30 a 12:30<br \/>\n<i class=\"icon-map-marker\" style=\"font-size:14px; color:#d2bc42;\"><\/i> D\u00f3nde: Olesa de Montserrat<br \/>\n<i class=\"icon-group\" style=\"font-size:14px; color:#d2bc42;\"><\/i> Con quien: <a href=\"https:\/\/www.cmineraolesana.es\/\" target=\"_blank\" rel=\"noopener noreferrer\">Comunitat Minera Olesana<\/a> i <a href=\"https:\/\/esf-cat.org\/\" target=\"_blank\" rel=\"noopener noreferrer\">Enginyeria Sense Fronteres<\/a><br \/>\n<i class=\"icon-rocket\" style=\"font-size:14px; color:#d2bc42;\"><\/i> Sesi\u00f3n Transitando <a href=\"https:\/\/femprocomuns.coop\/sessio-transitant-a-olesa-laigua-com-a-procomu\/\" target=\"_blank\" rel=\"noopener noreferrer\">L&#8217;aigua un procom\u00fa<\/a><\/p>\n<a href=\"https:\/\/oficina.commonscloud.coop\/s\/2KEeEWt3ZiyqKFP\" class=\"btn button btn-shortcode kad-btn kad-btn-primary\" id=\"kadbtn919\" target=\"_blank\" style=\"color:#FFF;\">Informe Agua (solo en catal\u00e1n)<\/a>\n<\/div><\/div>\n<p>&nbsp;<\/p>\n<div class=\"row\"> <div class=\"col-md-6\">\n<a href=\"https:\/\/femprocomuns.coop\/ecosistema-transitando-intercooperacion-para-el-procomun\/?lang=es\" target=\"_blank\" rel=\"noopener noreferrer\"><img loading=\"lazy\" decoding=\"async\" src=\"https:\/\/femprocomuns.coop\/wp-content\/uploads\/2022\/07\/Transitant_Sessi\u00f3_Tancament_rosa.png\" width=\"357\" height=\"99\" \/><\/a><br \/>\n<strong>La intercooperaci\u00f3n para el procom\u00fan<\/strong><br \/>\n<i class=\"icon-time\" style=\"font-size:14px; color:#d2bc42;\"><\/i> Cuando: 22 de septtembre, de 17:00 a 20:00<br \/>\n<i class=\"icon-map-marker\" style=\"font-size:14px; color:#d2bc42;\"><\/i> D\u00f3nde: Lleialtat Santsenca<br \/>\n<i class=\"icon-group\" style=\"font-size:14px; color:#d2bc42;\"><\/i> Con quien: todas las entidades que han participado en Ecosistema Transitando<br \/>\n<i class=\"icon-rocket\" style=\"font-size:14px; color:#d2bc42;\"><\/i> Sesi\u00f3n Transitando.<a href=\"https:\/\/femprocomuns.coop\/ecosistema-transitando-intercooperacion-para-el-procomun\/?lang=es\" target=\"_blank\" rel=\"noopener noreferrer\"> Intercooperaci\u00f3n para el procom\u00fan<\/a><\/p>\n<\/div><div class=\"col-md-6\">\n<a href=\"https:\/\/femprocomuns.coop\/encuentro-internacional-ecosistema-transitando-modelos-para-sostener-los-comunes\/?lang=es\" target=\"_blank\" rel=\"noopener noreferrer\"><img loading=\"lazy\" decoding=\"async\" src=\"https:\/\/femprocomuns.coop\/wp-content\/uploads\/2022\/07\/Transitant_Sessi\u00f3_TrobadaInternacional_verd.png\" width=\"357\" height=\"99\" \/><\/a><br \/>\n<strong>Encuentro internacional<\/strong><br \/>\n<i class=\"icon-time\" style=\"font-size:14px; color:#d2bc42;\"><\/i> Cuando: 4 de octubre, de 15:00 a 17:00<br \/>\n<i class=\"icon-map-marker\" style=\"font-size:14px; color:#d2bc42;\"><\/i> D\u00f3nde: En l\u00ednea<br \/>\n<i class=\"icon-group\" style=\"font-size:14px; color:#d2bc42;\"><\/i> Con quien: Grupo de Trabajo Ecosistema de procomunes<br \/>\n<i class=\"icon-rocket\" style=\"font-size:14px; color:#d2bc42;\"><\/i> Sesi\u00f3n Transitando. <a href=\"https:\/\/femprocomuns.coop\/encuentro-internacional-ecosistema-transitando-modelos-para-sostener-los-comunes\/?lang=es\" target=\"_blank\" rel=\"noopener noreferrer\">Encuentro internacional<\/a><\/p>\n<\/div><\/div>\n<p>&nbsp;<\/p>\n<p><img loading=\"lazy\" decoding=\"async\" class=\"aligncenter wp-image-3184 size-large\" src=\"https:\/\/femprocomuns.coop\/wp-content\/uploads\/2022\/01\/EcosistemaTransitando-1024x207.png\" alt=\"\" width=\"1024\" height=\"207\" srcset=\"https:\/\/femprocomuns.coop\/wp-content\/uploads\/2022\/01\/EcosistemaTransitando-1024x207.png 1024w, https:\/\/femprocomuns.coop\/wp-content\/uploads\/2022\/01\/EcosistemaTransitando-300x61.png 300w, https:\/\/femprocomuns.coop\/wp-content\/uploads\/2022\/01\/EcosistemaTransitando-768x155.png 768w, https:\/\/femprocomuns.coop\/wp-content\/uploads\/2022\/01\/EcosistemaTransitando.png 1785w\" sizes=\"auto, (max-width: 1024px) 100vw, 1024px\" \/><\/p>\n<p style=\"text-align: center;\"><strong>Para la emergencia y articulaci\u00f3n del Ecosistema Transitando en Catalunya<\/strong><\/p>\n<p>La emergencia ecol\u00f3gica y las delicadas situaciones que se han puesto de manifiesto a ra\u00edz de la pandemia del COVID19 y otras crisis -vinculadas o paralelas-, como la de suministros, piden de una respuesta en red, a nivel internacional pero re-localizada, con m\u00e1s autonom\u00eda social y m\u00e1s participaci\u00f3n de las personas en las decisiones sobre la producci\u00f3n, el abastecimiento y los impactos ambientales. Para contribuir a elaborar esta respuesta, hemos llevado a cabo el proyecto Ecosistema Transitando, financiado por la l\u00ednea L2 Proyectos singulares de promoci\u00f3n de la econom\u00eda social y solidaria, creaci\u00f3n de cooperativas y proyectos de intercooperaci\u00f3n, de la Generalitat de Catalunya, Departamento de Empresa y Trabajo. Direcci\u00f3n General de Econom\u00eda Social y Solidaria, el Tercer Sector y las Cooperativas.<\/p>\n<p><a href=\"https:\/\/femprocomuns.coop\/el-modelo-de-sostenibilidad-del-procomun\/?lang=es\" target=\"_blank\" rel=\"noopener noreferrer\"><img loading=\"lazy\" decoding=\"async\" class=\"alignleft wp-image-3973\" src=\"https:\/\/femprocomuns.coop\/wp-content\/uploads\/2022\/06\/Hule_ModelSostenibilitatProcom\u00fa-1.png\" alt=\"\" width=\"200\" height=\"200\" \/><\/a>En los \u00faltimos a\u00f1os, os hemos ido explicando c\u00f3mo desde femProcomuns hemos trabajado, a trav\u00e9s de los <strong><a href=\"https:\/\/femprocomuns.coop\/programas-de-transicion\/?lang=es\" target=\"_blank\" rel=\"noopener noreferrer\">Programas de transici\u00f3n<\/a><\/strong>, en el acompa\u00f1amiento de proyectos interesados en la econom\u00eda social y solidaria y que quer\u00edan hacer una transici\u00f3n hacia modelos m\u00e1s procomunes, sostenibles, con una fuerte dimensi\u00f3n relacional de las comunidades, forjados sobre relaciones de igualdad, tecnolog\u00edas libres y conocimiento abierto, que responden a las necesidades reales de la econom\u00eda. Hemos ensayado el <a href=\"https:\/\/femprocomuns.coop\/el-modelo-de-sostenibilidad-del-procomun\/?lang=es\" target=\"_blank\" rel=\"noopener noreferrer\"><strong>Modelo de sostenibilidad del procom\u00fan<\/strong><\/a>, hemos elaborado textos explicativos que detallan el marco te\u00f3rico y conceptual y hemos desarrollado un kit de recursos con lienzos visuales y juegos para explorar y trabajar los proyectos desde una mirada m\u00e1s procom\u00fan, ecol\u00f3gica y feminista<\/p>\n<p>Hemos compartido esta experiencia acumulada con agentes que tienen esta mirada, procom\u00fan, ecol\u00f3gica, democr\u00e1tica, feminista y que est\u00e1n sensibilizados por la activaci\u00f3n de las econom\u00edas locales, por la acci\u00f3n comunitaria y por la innovaci\u00f3n ciudadana; de actores (iniciativas de base, empresas sociales, cooperativas, laboratorios ciudadanos,&#8230;) activos en Catalu\u00f1a, Europa y m\u00e1s all\u00e1, con qui\u00e9n poder compartir infraestructuras, conocimientos, metodolog\u00edas y herramientas para hacer emerger y articular este Ecosistema Transitando.<\/p>\n<p><strong>Trabajamos en dos etapas:<\/strong><\/p>\n<p>En la <strong>1.\u00aa fase<\/strong>, los primeros 12 meses han servido para (1) identificar los actores del ecosistema e informarles de la propuesta a trav\u00e9s de entrevistas y conversaciones estructuradas y valorar juntas como podemos contribuir a reforzar lo que ya se est\u00e1 haciendo,<br \/>\n(2) invitarles a los 9 encuentros presenciales y documentadas de cartografiado e intercambio de metodolog\u00edas y experiencias, como actores principales o como participantes,<br \/>\n(3) invitarlos a un encuentro internacional, con actores de otras regiones y municipios, en l\u00ednea.<br \/>\nTambi\u00e9n se les ha ofrecido (4) realizar actividades del <strong>Cat\u00e1logo del Ecosistema Transitando<\/strong> (acompa\u00f1amientos, formaciones, jornadas, hackatons e informes) basadas en la metodolog\u00eda y herramientas del Modelo de Sostenibilidad de los 5 pilares del procom\u00fan.<\/p>\n<p>Estamos planificando la <strong>2.\u00aa fase<\/strong> para el trienio 2023-2025, en la que se seguir\u00e1 reforzando el ecosistema y se concretar\u00e1n Programas y Actividades de Transici\u00f3n en varios municipios o sectores.<\/p>\n<p>As\u00ed, poco a poco, queremos contribuir a articular y reforzar los lazos de este ecosistema que ya existe, una red de actores con una visi\u00f3n procom\u00fan presentes en iniciativas de base, cooperativas, laboratorios ciudadanos,&#8230; activos a Europa y m\u00e1s all\u00e1, con las infraestructuras, conocimientos, metodolog\u00edas y herramientas compartidas de forma solidaria, f\u00e1cilmente adaptables y ejecutables por organizaciones locales, en sus ciudades y territorios, que ir\u00e1 creciendo.<\/p>\n<p><img loading=\"lazy\" decoding=\"async\" class=\"aligncenter wp-image-3189 size-large\" src=\"https:\/\/femprocomuns.coop\/wp-content\/uploads\/2022\/01\/EcosistemaTransitant_Timeline-1024x414.png\" alt=\"\" width=\"1024\" height=\"414\" srcset=\"https:\/\/femprocomuns.coop\/wp-content\/uploads\/2022\/01\/EcosistemaTransitant_Timeline-1024x414.png 1024w, https:\/\/femprocomuns.coop\/wp-content\/uploads\/2022\/01\/EcosistemaTransitant_Timeline-300x121.png 300w, https:\/\/femprocomuns.coop\/wp-content\/uploads\/2022\/01\/EcosistemaTransitant_Timeline-768x310.png 768w, https:\/\/femprocomuns.coop\/wp-content\/uploads\/2022\/01\/EcosistemaTransitant_Timeline.png 2036w\" sizes=\"auto, (max-width: 1024px) 100vw, 1024px\" \/><\/p>\n<p style=\"text-align: left;\"><em>Con el apoyo de:<\/em><\/p>\n<p><img loading=\"lazy\" decoding=\"async\" class=\"wp-image-3191 alignleft\" src=\"https:\/\/femprocomuns.coop\/wp-content\/uploads\/2022\/03\/Logos_Singulars_2022.png\" alt=\"\" width=\"391\" height=\"63\" \/><\/p>\n","protected":false},"excerpt":{"rendered":"<p>&nbsp; Sesiones de trabajo para pensar -desde una mirada procom\u00fan- algunos retos de hoy, viendo la producci\u00f3n, el abastecimiento y los impactos medioambientales. &nbsp; &nbsp; &nbsp; &nbsp; &nbsp; Para la emergencia y articulaci\u00f3n del Ecosistema Transitando en Catalunya La emergencia &hellip; <a href=\"https:\/\/femprocomuns.coop\/es\/ecosistema-transitando\/\">Continuar<\/a><\/p>\n","protected":false},"author":1,"featured_media":0,"parent":0,"menu_order":0,"comment_status":"closed","ping_status":"closed","template":"","meta":{"kt_blocks_editor_width":"","footnotes":""},"class_list":["post-3182","page","type-page","status-publish","hentry"],"jetpack_sharing_enabled":true,"_links":{"self":[{"href":"https:\/\/femprocomuns.coop\/es\/wp-json\/wp\/v2\/pages\/3182","targetHints":{"allow":["GET"]}}],"collection":[{"href":"https:\/\/femprocomuns.coop\/es\/wp-json\/wp\/v2\/pages"}],"about":[{"href":"https:\/\/femprocomuns.coop\/es\/wp-json\/wp\/v2\/types\/page"}],"author":[{"embeddable":true,"href":"https:\/\/femprocomuns.coop\/es\/wp-json\/wp\/v2\/users\/1"}],"replies":[{"embeddable":true,"href":"https:\/\/femprocomuns.coop\/es\/wp-json\/wp\/v2\/comments?post=3182"}],"version-history":[{"count":22,"href":"https:\/\/femprocomuns.coop\/es\/wp-json\/wp\/v2\/pages\/3182\/revisions"}],"predecessor-version":[{"id":4777,"href":"https:\/\/femprocomuns.coop\/es\/wp-json\/wp\/v2\/pages\/3182\/revisions\/4777"}],"wp:attachment":[{"href":"https:\/\/femprocomuns.coop\/es\/wp-json\/wp\/v2\/media?parent=3182"}],"curies":[{"name":"wp","href":"https:\/\/api.w.org\/{rel}","templated":true}]}}