{"id":500,"date":"2019-09-19T16:57:11","date_gmt":"2019-09-19T14:57:11","guid":{"rendered":"https:\/\/femprocomuns.coop\/?page_id=500"},"modified":"2022-01-18T17:32:49","modified_gmt":"2022-01-18T15:32:49","slug":"gac-acciones-comunificadoras","status":"publish","type":"page","link":"https:\/\/femprocomuns.coop\/es\/sobre-femprocomuns\/grupos-de-actividad-cooperativizada\/gac-acciones-comunificadoras\/","title":{"rendered":"GAC Transitant (Transitando)"},"content":{"rendered":"<p><span class=\"tlid-translation translation\" lang=\"es\"><img loading=\"lazy\" decoding=\"async\" class=\"alignleft size-full wp-image-497\" src=\"https:\/\/femprocomuns.coop\/wp-content\/uploads\/2020\/12\/ImatgePortfoliTransitant.png\" alt=\"\" width=\"396\" height=\"396\" \/>El Grupo de Actividad Cooperativizada, <strong>GAC Transitant<\/strong> quiere contribuir a la<strong> comunificaci\u00f3n<\/strong> de la econom\u00eda, la cultura y la sociedad acompa\u00f1ando los proyectos que exploran su viabilidad y consolidaci\u00f3n; al tiempo que dar a conocer e invitar a la reflexi\u00f3n sobre este modelo econ\u00f3mico diferenciado del modelo de mercado y las posibilidades de<strong> transici\u00f3n<\/strong> de uno a otro. <\/span><\/p>\n<p>Ha ido desarrollando y testeando <strong>el modelo de los 5 pilares de sostenibilidad procom\u00fan<\/strong> (iniciado desde Free Knowledge Institute, evolucionado con LabCoop y enriquecido con innumerables contribuciones) como modelo de an\u00e1lisis de proyectos existentes, de prototipado de nuevos proyectos, para explorar la comunificaci\u00f3n de proyectos o para mejorar su sostenibilidad. El modelo tiene la comunidad y el recurso compartido en el centro y 2 ejes cruzados: la movilizaci\u00f3n de recursos y la producci\u00f3n, por un lado; el conocimiento compartido y la gobernanza del otro. Adem\u00e1s, ha ideado y producido el<a href=\"https:\/\/femprocomuns.coop\/economia-del-procomun-el-juego\/?lang=es\" target=\"_blank\" rel=\"noopener noreferrer\"> juego de cartas sobre la econom\u00eda del procom\u00fan<\/a>.<\/p>\n<p><span class=\"tlid-translation translation\" lang=\"es\">El grupo realiza tareas de facilitaci\u00f3n, formaci\u00f3n, capacitaci\u00f3n, acompa\u00f1amiento, asesoramiento, consultor\u00eda, dinamizaci\u00f3n, reflexi\u00f3n, investigaci\u00f3n, comunicaci\u00f3n, sensibilizaci\u00f3n, divulgaci\u00f3n y concienciaci\u00f3n en torno a la <strong>econom\u00eda del procom\u00fan<\/strong> y su hibridaci\u00f3n con el cooperativismo, el mercado social y las econom\u00edas transformadoras.<\/span><\/p>\n<p>El GAC Transitando ha formado parte del equipo t\u00e9cnico del programa<strong> <a href=\"https:\/\/femprocomuns.coop\/portfolio\/la-comunificadora\/\">La Comunificadora<\/a> <\/strong>de Barcelona Activa (primero conjuntamente con Platoniq y luego con LabCoop), del <a href=\"https:\/\/femprocomuns.coop\/portfolio\/incubadora-de-coopolis\/\" target=\"_blank\" rel=\"noopener noreferrer\">C\u00edrculo de incubaci\u00f3n del <strong>Ateneo Cooperativo Co\u00f2polis<\/strong><\/a> y actualmente es promotora del <strong>Ateneo Cooperativo del Barcelon\u00e8s Nord<\/strong>.<\/p>\n<p><strong>Imparte talleres<\/strong> de cooperativismo abierto, cooperativismo de plataforma, licencias libres, tecnolog\u00edas libres, comunicaci\u00f3n org\u00e1nica, herramientas y metodolog\u00edas de participaci\u00f3n, entre otros. Participa en el postgrado de la Econom\u00eda Social y Solidaria de la UAB y en asignaturas universitarias. Ha elaborado informes y materiales did\u00e1cticos o divulgativos en torno a la econom\u00eda del procom\u00fan, la econom\u00eda de los cuidados y el cooperativismo de plataforma.<\/p>\n","protected":false},"excerpt":{"rendered":"<p>El Grupo de Actividad Cooperativizada, GAC Transitant quiere contribuir a la comunificaci\u00f3n de la econom\u00eda, la cultura y la sociedad acompa\u00f1ando los proyectos que exploran su viabilidad y consolidaci\u00f3n; al tiempo que dar a conocer e invitar a la reflexi\u00f3n &hellip; <a href=\"https:\/\/femprocomuns.coop\/es\/sobre-femprocomuns\/grupos-de-actividad-cooperativizada\/gac-acciones-comunificadoras\/\">Continuar<\/a><\/p>\n","protected":false},"author":1,"featured_media":0,"parent":307,"menu_order":0,"comment_status":"closed","ping_status":"open","template":"","meta":{"kt_blocks_editor_width":"","footnotes":""},"class_list":["post-500","page","type-page","status-publish","hentry"],"jetpack_sharing_enabled":true,"_links":{"self":[{"href":"https:\/\/femprocomuns.coop\/es\/wp-json\/wp\/v2\/pages\/500","targetHints":{"allow":["GET"]}}],"collection":[{"href":"https:\/\/femprocomuns.coop\/es\/wp-json\/wp\/v2\/pages"}],"about":[{"href":"https:\/\/femprocomuns.coop\/es\/wp-json\/wp\/v2\/types\/page"}],"author":[{"embeddable":true,"href":"https:\/\/femprocomuns.coop\/es\/wp-json\/wp\/v2\/users\/1"}],"replies":[{"embeddable":true,"href":"https:\/\/femprocomuns.coop\/es\/wp-json\/wp\/v2\/comments?post=500"}],"version-history":[{"count":7,"href":"https:\/\/femprocomuns.coop\/es\/wp-json\/wp\/v2\/pages\/500\/revisions"}],"predecessor-version":[{"id":3163,"href":"https:\/\/femprocomuns.coop\/es\/wp-json\/wp\/v2\/pages\/500\/revisions\/3163"}],"up":[{"embeddable":true,"href":"https:\/\/femprocomuns.coop\/es\/wp-json\/wp\/v2\/pages\/307"}],"wp:attachment":[{"href":"https:\/\/femprocomuns.coop\/es\/wp-json\/wp\/v2\/media?parent=500"}],"curies":[{"name":"wp","href":"https:\/\/api.w.org\/{rel}","templated":true}]}}