{"id":563,"date":"2019-09-20T16:58:21","date_gmt":"2019-09-20T14:58:21","guid":{"rendered":"https:\/\/femprocomuns.coop\/?page_id=563"},"modified":"2026-02-20T17:29:38","modified_gmt":"2026-02-20T16:29:38","slug":"economia-del-procomun-el-juego","status":"publish","type":"page","link":"https:\/\/femprocomuns.coop\/es\/economia-del-procomun-el-juego\/","title":{"rendered":"Econom\u00eda del procom\u00fan, el juego"},"content":{"rendered":"<p><strong><span class=\"tlid-translation translation\" lang=\"es\">El juego de la econom\u00eda del procom\u00fan es un juego para entender la din\u00e1mica de esta econom\u00eda, diferenciada de la econom\u00eda de mercado, donde se comparten recursos en lugar de intercambiarlos y que tiene como objetivo promover la producci\u00f3n de unos bienes que beneficien a todos. Por eso en este juego se gana cuando todos los proyectos procomunes pueden subsistir.<\/span><\/strong><img loading=\"lazy\" decoding=\"async\" class=\"wp-image-145 alignright\" src=\"https:\/\/femprocomuns.coop\/wp-content\/uploads\/2019\/01\/Screenshot_2019-02-10-JocdeCartes_Procomu-jpg-Imatge-JPEG-1280-\u00d7-960-p\u00edxels-300x225.jpg\" alt=\"\" width=\"196\" height=\"147\" \/><\/p>\n<h3>Versi\u00f3n beta 0.0.2<\/h3>\n<p><span class=\"tlid-translation translation\" lang=\"es\">El juego ha sido dise\u00f1ado por un grupo de la cooperativa y actualmente es un prototipo. Se jug\u00f3 por primera vez con personas participantes en el Sal\u00f3n de empleo juvenil de Barcelona, \u200b\u200be<\/span><span class=\"tlid-translation translation\" lang=\"es\">n marzo de 2018, y luego se ha utilizado en varios talleres.<\/span><br \/>\n<span class=\"tlid-translation translation\" lang=\"es\">Han participado en el dise\u00f1o del juego: David G\u00f3mez, Mart\u00ed Sabat\u00e9, Thais Lloret y M\u00f3nica Garriga. El v\u00eddeo ha sido editado por Palmira Sabat\u00e9.<br \/>\nPara compartir comentarios o propuestas de mejora por favor escribidnos: <a href=\"mailto:coop@femprocomuns.coop\">coop(arroba)femprocomuns.coop<\/a> <\/span><\/p>\n<h3><\/h3>\n<h3>Descarga<\/h3>\n<p><span class=\"tlid-translation translation\" lang=\"es\">Desde los siguientes enlaces pod\u00e9is descargar el tablero y las cartas para jugar. Imprimid y cortad las cartas y \u00a1a jugar!<\/span><\/p>\n<p><span class=\"tlid-translation translation\" lang=\"es\">Descargar el <strong>tablero<\/strong> (imprimir 6 copias)<br \/>\n<\/span><\/p>\n<ul>\n<li><a href=\"https:\/\/oficina.commonscloud.coop\/s\/SXTTnz4YLyki9rB\" target=\"_blank\" rel=\"noopener noreferrer\">Tablero<\/a><\/li>\n<\/ul>\n<p>Hojas para imprimir las <strong>cartas<\/strong>:<\/p>\n<ul>\n<li><a href=\"https:\/\/oficina.commonscloud.coop\/s\/jNa6JZZQrsHW8an\" target=\"_blank\" rel=\"noopener noreferrer\">Hoja de cartas 01 (Qu\u00e9)<\/a><\/li>\n<li><a href=\"https:\/\/oficina.commonscloud.coop\/s\/LjxQfN3F4b2d84d\" target=\"_blank\" rel=\"noopener noreferrer\">Hoja de cartas\u00a0 02 (Qu\u00e9, Qui\u00e9n, C\u00f3mo)<\/a><\/li>\n<li><a href=\"https:\/\/oficina.commonscloud.coop\/s\/KrEGsTiy3F7LZAJ\" target=\"_blank\" rel=\"noopener noreferrer\">Hoja de cartas 03 (C\u00f3mo)<\/a><\/li>\n<li><a href=\"https:\/\/oficina.commonscloud.coop\/s\/o65EsEzNJmGHknp\" target=\"_blank\" rel=\"noopener noreferrer\">Hoja de cartas 04 (Qu\u00e9)<\/a><\/li>\n<\/ul>\n<p>&nbsp;<\/p>\n<p>Pr\u00f3ximamente vamos a traducir las cartas al castellano, <a href=\"mailto:coop@femprocomuns.coop\">ponte en contacto<\/a> si quieres que te avisemos.<\/p>\n<h3>Jugadores<\/h3>\n<p><span class=\"tlid-translation translation\" lang=\"es\">Se juega con un m\u00e1ximo de 6 jugadores, y si hay m\u00e1s personas hacen equipo con uno de los 6 jugadores que ya est\u00e1n alrededor de la mesa.<\/span><\/p>\n<h3>Componentes<\/h3>\n<p><span class=\"tlid-translation translation\" lang=\"es\">Se utiliza una baraja de 27 cartas formada por dos grupos y cuatro palos:<\/span><\/p>\n<p>12 cartas de &#8220;qu\u00e9&#8221;: natural (bosque y agua), agr\u00edcola (huertos urbanos y jardines, cubierta edificio), inmueble (lavander\u00eda y taller de reparaci\u00f3n), conocimiento (enciclopedia y obra de teatro), software (red de telecomunicaciones y plataforma web) y hardware (placa electr\u00f3nica y herramientas)<\/p>\n<p>&nbsp;<\/p>\n<p><strong>15 cartas de \u201cc\u00f3mo\u201d<\/strong><br \/>\n<strong>5 de recursos<\/strong><br \/>\n<span class=\"tlid-translation translation\" lang=\"es\">\u2022 Recurso natural<br \/>\n\u2022 Herramientas comunales<br \/>\n\u2022 Herramientas tecnol\u00f3gicas libres<br \/>\n\u2022 Cuotas<br \/>\n\u2022 Donaciones<\/span><\/p>\n<p><span class=\"tlid-translation translation\" lang=\"es\"><strong>6 de compartir<\/strong><br \/>\n\u2022 Planos (de dise\u00f1o abierto)<br \/>\n\u2022 Procesos documentados<br \/>\n\u2022 Formaci\u00f3n \/ aprendizaje<br \/>\n\u2022 Licencia libre para contenidos<br \/>\n\u2022 Licencia libre para software<br \/>\n\u2022 Licencia libre por hardware<\/span><\/p>\n<p><strong>4 de producir<\/strong><br \/>\n\u2022 <span class=\"tlid-translation translation\" lang=\"es\"> Repartir por tareas<br \/>\n\u2022 Repartir por partes<br \/>\n\u2022 Hackaton tecnol\u00f3gico<br \/>\n\u2022 Jornada de trabajo colectivo<\/span><\/p>\n<p><strong>5 de gobernar<\/strong><br \/>\n<span class=\"tlid-translation translation\" lang=\"es\">\u2022 Cooperativa de trabajo<br \/>\n\u2022 Cooperativa de consumo<br \/>\n\u2022 Cooperativa de vivienda<br \/>\n\u2022 Consejo abierto asambleario<br \/>\n\u2022 Asociaci\u00f3n sin af\u00e1n de lucro<\/span><\/p>\n<p><strong>Objetivo de la partida<\/strong><br \/>\n<span class=\"tlid-translation translation\" lang=\"es\">Asegurar que cada carta de &#8216;qu\u00e9&#8217; tiene 4 cartas de &#8216;c\u00f3mo&#8217; que la hacen sostenible.<br \/>\n<\/span><\/p>\n<h3><span class=\"tlid-translation translation\" lang=\"es\">Mec\u00e1nica de juego<\/span><\/h3>\n<p><strong>Preparaci\u00f3n<\/strong><br \/>\n<span class=\"tlid-translation translation\" lang=\"es\">Se reparte un panel de sostenibilidad a cada jugador (m\u00e1ximo de 6 jugadores).<br \/>\nSe cogen todas las cartas de &#8220;qu\u00e9&#8221;, se mezclan y cada jugador toma una al azar. Para terminar se mezclan todas las cartas de &#8220;c\u00f3mo&#8221; y se dejan boca abajo en el centro en una pila.<\/span><\/p>\n<p><strong>Desarrollo de la partida<\/strong><\/p>\n<p><span class=\"tlid-translation translation\" lang=\"es\">Comienza el jugador que al leer esta norma diga el n\u00famero &#8216;cinco&#8217;, y se contin\u00faa en el sentido de las agujas del reloj.<\/span><\/p>\n<p>Paso 0 (solo al comenzar la partida): Coger una carta de la pila de &#8220;qu\u00e9&#8221;. Anuncias el proyecto que har\u00e1s sostenible, la bajas y la dejas expuesta en la casilla central de tu panel.<\/p>\n<p><strong>Cada turno o vez se divide en dos pasos:<\/strong><br \/>\n<span class=\"tlid-translation translation\" lang=\"es\">Paso 1: Coger una carta de la pila de &#8220;como&#8221;. Puedes:<br \/>\n1.a) Qued\u00e1rtela en la mano<br \/>\n1.b) Descartar una carta de tu mano en la pila<br \/>\n1.c) Bajar en el tablero (paso 2)<br \/>\nPaso 2: Bajar una carta de tu mano a la casilla \u00abcarta en espera\u00bb de tu tablero, cada turno puedes bajar una y la podr\u00e1n ver todos. Solo puedes tener una carta en espera, cuando ya tienes una puedes:<br \/>\n2.a) volver a guard\u00e1rtela en tu mano o intercambiarla con una de la mano<br \/>\n2.b) cambiarla con una carta de la mano de otro jugador<br \/>\n2.c) fijarla en el lugar que le corresponde en tu mostrador de sostenibilidad<br \/>\nEn cada turno solo puedes hacer una acci\u00f3n de cada tipo.<\/span><\/p>\n","protected":false},"excerpt":{"rendered":"<p>El juego de la econom\u00eda del procom\u00fan es un juego para entender la din\u00e1mica de esta econom\u00eda, diferenciada de la econom\u00eda de mercado, donde se comparten recursos en lugar de intercambiarlos y que tiene como objetivo promover la producci\u00f3n de &hellip; <a href=\"https:\/\/femprocomuns.coop\/es\/economia-del-procomun-el-juego\/\">Continuar<\/a><\/p>\n","protected":false},"author":1,"featured_media":6660,"parent":0,"menu_order":0,"comment_status":"closed","ping_status":"closed","template":"","meta":{"kt_blocks_editor_width":"","footnotes":""},"class_list":["post-563","page","type-page","status-publish","has-post-thumbnail","hentry"],"jetpack_sharing_enabled":true,"_links":{"self":[{"href":"https:\/\/femprocomuns.coop\/es\/wp-json\/wp\/v2\/pages\/563","targetHints":{"allow":["GET"]}}],"collection":[{"href":"https:\/\/femprocomuns.coop\/es\/wp-json\/wp\/v2\/pages"}],"about":[{"href":"https:\/\/femprocomuns.coop\/es\/wp-json\/wp\/v2\/types\/page"}],"author":[{"embeddable":true,"href":"https:\/\/femprocomuns.coop\/es\/wp-json\/wp\/v2\/users\/1"}],"replies":[{"embeddable":true,"href":"https:\/\/femprocomuns.coop\/es\/wp-json\/wp\/v2\/comments?post=563"}],"version-history":[{"count":11,"href":"https:\/\/femprocomuns.coop\/es\/wp-json\/wp\/v2\/pages\/563\/revisions"}],"predecessor-version":[{"id":11645,"href":"https:\/\/femprocomuns.coop\/es\/wp-json\/wp\/v2\/pages\/563\/revisions\/11645"}],"wp:featuredmedia":[{"embeddable":true,"href":"https:\/\/femprocomuns.coop\/es\/wp-json\/wp\/v2\/media\/6660"}],"wp:attachment":[{"href":"https:\/\/femprocomuns.coop\/es\/wp-json\/wp\/v2\/media?parent=563"}],"curies":[{"name":"wp","href":"https:\/\/api.w.org\/{rel}","templated":true}]}}