{"id":70,"date":"2019-02-09T11:50:50","date_gmt":"2019-02-09T09:50:50","guid":{"rendered":"http:\/\/web.femprocomuns.coop\/?page_id=70"},"modified":"2023-11-28T18:10:02","modified_gmt":"2023-11-28T16:10:02","slug":"sobre-femprocomuns","status":"publish","type":"page","link":"https:\/\/femprocomuns.coop\/es\/sobre-femprocomuns\/","title":{"rendered":"Sobre femProcomuns"},"content":{"rendered":"<h5>Somos una cooperativa integral de trabajo y consumo, sin \u00e1nimo de lucro y de iniciativa social creada en Catalu\u00f1a el a\u00f1o 2017, con el objetivo de consolidar un ecosistema procom\u00fan, basado en los principios del cooperativismo abierto, la autogesti\u00f3n comunitaria, la sostenibilidad ecol\u00f3gica, econ\u00f3mica y humana, el conocimiento compartido y la replicabilidad.<\/h5>\n<p>Estamos construyendo una herramienta social estrat\u00e9gica para hacer viable y sostenible la actividad procom\u00fan.<\/p>\n<ul>\n<li>Trabajamos con el<strong> <a href=\"https:\/\/femprocomuns.coop\/el-modelo-de-sostenibilidad-del-procomun\/?lang=es\" target=\"_blank\" rel=\"noopener noreferrer\">modelo de sostenibilidad del procom\u00fan<\/a><\/strong>: comunidad, gobernanza participativa, movilizaci\u00f3n de recursos, co-producci\u00f3n, conocimiento compartido.<\/li>\n<li>Nos organizamos en comisiones operativas y Grupos de actividad cooperativizada.<\/li>\n<li>Utilizamos herramientas tecnol\u00f3gicas libres para facilitar los procesos de gesti\u00f3n, participaci\u00f3n, co-trabajo y comunicaci\u00f3n.<\/li>\n<li>Fomentamos la cooperativizaci\u00f3n del trabajo y optamos por el r\u00e9gimen general de la seguridad social.<\/li>\n<li>Dotamos los fondos cooperativos y el capital para ganar solvencia y fortaleza econ\u00f3mica.<\/li>\n<li>Trabajamos la gesti\u00f3n comunitaria y la sostenibilidad de proyectos orientados al procom\u00fan, la participaci\u00f3n, el conocimiento y las tecnolog\u00edas libres, as\u00ed como su aplicaci\u00f3n social, y nos fijamos especialmente en los procesos, los modos de hacer, de colaborar y co-crear.<\/li>\n<\/ul>\n<h3 class=\"western\">Qu\u00e9 hacemos?<\/h3>\n<ul>\n<li>Sesiones y procesos participativos de cartografiado, diagn\u00f3stico, cocreaci\u00f3n y codise\u00f1o.<\/li>\n<li>Formaci\u00f3n, asesoramiento, consultor\u00eda y acompa\u00f1amiento a colectivos, organizaciones, instituciones y comunidades.<\/li>\n<li>Mancomunar y compartir herramientas tecnol\u00f3gicas libres que resuelven las necesidades de teletrabajo, almacenamiento, gesti\u00f3n y comunicaci\u00f3n digital de personas y organizaciones con soluciones tecno\u00e9ticas que no monetizan los datos personales.<\/li>\n<li>Desplegar y mantener infraestructuras de gesti\u00f3n y uso comunitario.<\/li>\n<\/ul>\n<p>Ver nuestros <a href=\"https:\/\/femprocomuns.coop\/sobre-femprocomuns\/grupos-de-actividad-cooperativizada\/?lang=es\">, los proyectos, as\u00ed como nuestros cat\u00e1logos formativos y de servicios.<\/a><\/p>\n<h3 class=\"western\">\u00bfC\u00f3mo nos organizamos?<\/h3>\n<p>Queremos ser una organizaci\u00f3n \u00e1gil, democr\u00e1tica y que pueda experimentar con diferentes formas de participaci\u00f3n y sostenibilidad.<\/p>\n<ul>\n<li>El m\u00e1ximo \u00f3rgano de toma de decisiones es la Asamblea general con participaci\u00f3n de las personas socias trabajadoras y las personas y entidades socias colaboradoras y usuarias; la Pi\u00f1a que sostiene la cooperativa.<\/li>\n<li>La asamblea de Tronco, formada por las personas socias m\u00e1s activas y las fundadoras, orienta el rumbo de la cooperativa y toma decisiones entre asambleas.<\/li>\n<li>La asamblea femTreball trata las cuestiones que afectan a las personas socias de trabajo y toma las decisiones que les competen reglamentariamente.<\/li>\n<li>Las comisiones operativas (femAdministraci\u00f3, femComunicaci\u00f3, femSistemes, &#8230;) hacen funcionar la estructura cooperativa.<\/li>\n<li>Los Grupos de actividad cooperativizada (GAC) se organizan y administran de forma aut\u00f3noma para llevar a cabo actividades y proyectos explorando modelos de sostenibilidad en la hibridaci\u00f3n del procom\u00fan, la intercooperaci\u00f3n, la coproducci\u00f3n y el mercado social.<\/li>\n<li>Los GAC exploran maneras de fomentar la participaci\u00f3n de las personas usuarias, socias o no de la cooperativa, en la orientaci\u00f3n de los proyectos.<\/li>\n<\/ul>\n<p>Ver los<a href=\"https:\/\/femprocomuns.coop\/sobre-femprocomuns\/297-2\/?lang=es\" target=\"_blank\" rel=\"noopener noreferrer\"> estatutos<\/a> y el reglamento interno.&lt;\/span<\/p>\n<h3 class=\"western\">Qu\u00e9 nos inspira?<\/h3>\n<ul>\n<li style=\"list-style-type: none;\">\n<ul>\n<li>El procom\u00fan como modelo social y econ\u00f3mico basado en la autogesti\u00f3n colectiva, la co-producci\u00f3n y el uso compartido.<\/li>\n<li>Los principios del cooperativismo.<\/li>\n<li>El cooperativismo abierto y el cooperativismo de plataforma.<\/li>\n<li>Los movimientos del software, el hardware, la cultura y el conocimiento libres.<\/li>\n<li>Los movimientos sociales emancipadores como el feminismo y el ecologismo.<\/li>\n<li>Las experiencias de la autogesti\u00f3n de centros sociales, los grupos de consumo, los bancos del tiempo, las comunidades de makers y desarrolladores, &#8230;<\/li>\n<li>El procom\u00fan como modelo social y econ\u00f3mico basado en la autogesti\u00f3n colectiva, la co-producci\u00f3n y el uso compartido.<\/li>\n<\/ul>\n<\/li>\n<\/ul>\n<h3 class=\"western\">\u00bfQuieres saber m\u00e1s?<\/h3>\n<h4 class=\"western\"><b>Hacemos sesiones y acompa\u00f1amos procesos participativos<br \/>\n<\/b><\/h4>\n<ul>\n<li style=\"list-style-type: none;\">\n<ul>\n<li style=\"list-style-type: none;\">\n<ul>\n<li style=\"list-style-type: none;\">\n<ul>\n<li style=\"list-style-type: none;\">\n<ul>\n<li>Para cartografiar, diagnosticar retos y necesidades, recoger propuestas, prototipar, co-crear y Codise\u00f1o.<\/li>\n<li>Presenciales, semi-presenciales o bien online.<\/li>\n<li>En forma de talleres, hackaton, actividades docentes o como m\u00f3dulos dentro de programas m\u00e1s amplios.<\/li>\n<\/ul>\n<\/li>\n<\/ul>\n<\/li>\n<\/ul>\n<\/li>\n<\/ul>\n<\/li>\n<\/ul>\n<p>\u00bfQu\u00e9 hemos hecho?<\/p>\n<ul>\n<li style=\"list-style-type: none;\">\n<ul>\n<li style=\"list-style-type: none;\">\n<ul>\n<li style=\"list-style-type: none;\">\n<ul>\n<li style=\"list-style-type: none;\">\n<ul>\n<li>Talleres y hackatones en pilotos de despliegue de la Red Abierta de Internet de las Cosas.<\/li>\n<li>Proceso participativo para identificar necesidades y recoger propuestas para la Incubadora de Co\u00f2polis<\/li>\n<li>Sesiones iniciales y m\u00f3dulos de prototipado en diferentes ediciones del programa La Comunificadora de Barcelona Activa.<\/li>\n<li>Relator\u00eda abierta y colaborativa, facilitaci\u00f3n y procesos de diagn\u00f3stico y cartografiado con Teixidora.net<\/li>\n<li>Hemos dise\u00f1ado y producido el juego de cartas de la econom\u00eda del procom\u00fan como una herramienta para entender y debatir sobre este modelo.<\/li>\n<\/ul>\n<\/li>\n<\/ul>\n<\/li>\n<\/ul>\n<\/li>\n<\/ul>\n<\/li>\n<\/ul>\n<h4 class=\"western\"><b>Hacemos formaciones, asesor\u00edas, consultor\u00edas y acompa\u00f1amientos<br \/>\n<\/b><\/h4>\n<ul>\n<li style=\"list-style-type: none;\">\n<ul>\n<li style=\"list-style-type: none;\">\n<ul>\n<li style=\"list-style-type: none;\">\n<ul>\n<li style=\"list-style-type: none;\">\n<ul>\n<li>A colectivos, organizaciones, instituciones y comunidades que quieren transitar en uno o varios aspectos a modelos procom\u00fan de participaci\u00f3n, compartir conocimiento, co-producci\u00f3n o uso de tecnolog\u00edas libres.<\/li>\n<li>Presenciales, semi-presenciales o bien online.<\/li>\n<li>En forma de charlas, talleres, cursos, actividades docentes o como m\u00f3dulos dentro de programas m\u00e1s amplios.<\/li>\n<\/ul>\n<\/li>\n<\/ul>\n<\/li>\n<\/ul>\n<\/li>\n<\/ul>\n<\/li>\n<\/ul>\n<p>Qu\u00e9 hemos hecho?<\/p>\n<ul>\n<li style=\"list-style-type: none;\">\n<ul>\n<li style=\"list-style-type: none;\">\n<ul>\n<li style=\"list-style-type: none;\">\n<ul>\n<li style=\"list-style-type: none;\">\n<ul>\n<li>Talleres y formaciones espec\u00edficos para organizaciones.<\/li>\n<li>Sesiones participativas de an\u00e1lisis de la organizaci\u00f3n interna y para definir cambios, transformaciones y \/ o colaboraciones.<\/li>\n<li>Consultor\u00edas para la transici\u00f3n digital hacia tecnolog\u00edas libres y en el uso de metodolog\u00edas de facilitaci\u00f3n y colaboraci\u00f3n.<\/li>\n<li>Asesoramientos y acompa\u00f1amientos respondiendo a las necesidades<\/li>\n<li>Sesiones en Grados, Postgrados, Masters y cursos de extensi\u00f3n universitaria.<\/li>\n<li>Sesiones formativas en diferentes ediciones del programa La Comunificadora de Barcelona Activa y en el programa formativo de los Ateneos cooperativos Co\u00f2polis y Barcelon\u00e8s Nord.<\/li>\n<\/ul>\n<\/li>\n<\/ul>\n<\/li>\n<\/ul>\n<\/li>\n<\/ul>\n<\/li>\n<\/ul>\n<p><b>Mancomunamos y compartimos herramientas tecnol\u00f3gicas libres<br \/>\n<\/b><\/p>\n<ul>\n<li style=\"list-style-type: none;\">\n<ul>\n<li style=\"list-style-type: none;\">\n<ul>\n<li style=\"list-style-type: none;\">\n<ul>\n<li style=\"list-style-type: none;\">\n<ul>\n<li>Que resuelven las necesidades de teletrabajo, almacenamiento, gesti\u00f3n y comunicaci\u00f3n digital de personas y organizaciones con soluciones tecno\u00e8tiques que no monetizar los datos personales.<\/li>\n<li>Que facilitan compartir conocimiento, contenidos informativos, educativos y culturales, datos abiertos y el trabajo colaborativo.<\/li>\n<\/ul>\n<\/li>\n<\/ul>\n<\/li>\n<\/ul>\n<\/li>\n<\/ul>\n<\/li>\n<\/ul>\n<p>Qu\u00e9 hemos hecho?<\/p>\n<ul>\n<li style=\"list-style-type: none;\">\n<ul>\n<li style=\"list-style-type: none;\">\n<ul>\n<li style=\"list-style-type: none;\">\n<ul>\n<li style=\"list-style-type: none;\">\n<ul>\n<li>Hemos creado <a href=\"https:\/\/www.commonscloud.coop\/\" target=\"_blank\" rel=\"noopener noreferrer\">CommonsCloud.coop<\/a> como servicio cooperativizado donde personas y entidades usuarias son socias.<\/li>\n<li>Impulsamos<a href=\"https:\/\/www.teixidora.net\/wiki\/%C2%B7%C2%B7%C2%B7\" target=\"_blank\" rel=\"noopener noreferrer\">Teixidora.net<\/a> como plataforma para compartir en abierto, re-elaborar y re-utiltizar documentaci\u00f3n recogida colaborativamente en eventos.<\/li>\n<li>Participamos en <a href=\"https:\/\/educoop.coop\/\" target=\"_blank\" rel=\"noopener noreferrer\">EduCoop<\/a> para compartir contenidos educativos y ofrecer un programa educativo del cooperativismo.<\/li>\n<li>Participamos en <a href=\"https:\/\/dadess.cat\/\" target=\"_blank\" rel=\"noopener noreferrer\">DADESS.cat\u00a0<\/a>para fomentar los datos abiertos desde la econom\u00eda solidaria.<\/li>\n<li>Participamos en <a href=\"https:\/\/www.org.meet.coop\/\" target=\"_blank\" rel=\"noopener noreferrer\">Meet.coop<\/a> para ofrecer una herramienta de videoconferencia bajo los principios del cooperativismo.<\/li>\n<li>Hemos acompa\u00f1ado a organizaciones en la migraci\u00f3n a herramientas telem\u00e1ticas de software libre y tecno\u00e9tica.<\/li>\n<\/ul>\n<\/li>\n<\/ul>\n<\/li>\n<\/ul>\n<\/li>\n<\/ul>\n<\/li>\n<\/ul>\n<h4 class=\"western\"><b>Desplegamos y mantenemos infraestructuras<\/b><\/h4>\n<ul>\n<li style=\"list-style-type: none;\">\n<ul>\n<li style=\"list-style-type: none;\">\n<ul>\n<li style=\"list-style-type: none;\">\n<ul>\n<li style=\"list-style-type: none;\">\n<ul>\n<li>De gesti\u00f3n y uso comunitario.<\/li>\n<li>Con participaci\u00f3n de entidades c\u00edvicas, administraciones p\u00fablicas, cooperativas, empresas y personas individuales.<\/li>\n<\/ul>\n<\/li>\n<\/ul>\n<\/li>\n<\/ul>\n<\/li>\n<\/ul>\n<\/li>\n<\/ul>\n<p>Qu\u00e9 hemos hecho?<\/p>\n<ul>\n<li style=\"list-style-type: none;\">\n<ul>\n<li style=\"list-style-type: none;\">\n<ul>\n<li style=\"list-style-type: none;\">\n<ul>\n<li style=\"list-style-type: none;\">\n<ul>\n<li>Estamos contribuyendo al desarrollo de la Red Abierta de Internet de las Cosas, apoyando a la comunidad The Things Network Catalu\u00f1a, en colaboraci\u00f3n con ayuntamientos y entidades madrinas, instalando antenas, promoviendo casos de uso y haciendo talleres t\u00e9cnicos y de exploraci\u00f3n de usos sociales.<\/li>\n<\/ul>\n<\/li>\n<\/ul>\n<\/li>\n<\/ul>\n<\/li>\n<\/ul>\n<\/li>\n<\/ul>\n<h4 class=\"western\">\u00bfQu\u00e8 \u00e9s una cooperativa integral?<\/h4>\n<ul>\n<li style=\"list-style-type: none;\">\n<ul>\n<li style=\"list-style-type: none;\">\n<ul>\n<li style=\"list-style-type: none;\">\n<ul>\n<li style=\"list-style-type: none;\">\n<ul>\n<li><span class=\"tlid-translation translation\" lang=\"es\"><span title=\"\">Una cooperativa es una organizaci\u00f3n que cooperativiza una actividad humana (trabajo, uso o consumo, vivienda, servicios, escuela, &#8230;) haci\u00e9ndola de gesti\u00f3n colectiva.<\/span><\/span><\/li>\n<li><span class=\"tlid-translation translation\" lang=\"es\"><span title=\"\">Una cooperativa integral o mixta es una cooperativa que integra m\u00e1s de un tipo de actividad. En nuestro caso: trabajo y uso \/ consumo.<\/span><\/span><\/li>\n<li><span class=\"tlid-translation translation\" lang=\"es\"><span title=\"\">Desde el \u00e1mbito de los procomunes digitales, del conocimiento y urbanos se ha visto en las cooperativas integrales una soluci\u00f3n a explorar para juntar en una misma organizaci\u00f3n democr\u00e1tica a los agentes que conjuntamente generan el valor entorno una actividad.<\/span><\/span><\/li>\n<li><span class=\"tlid-translation translation\" lang=\"es\"><span title=\"\">Tradicionalmente las cooperativas han dado continuidad a formas de organizaci\u00f3n que antes hab\u00edan tenido un modelo comunal, como son el abastecimiento de agua y alimentos, la capacitaci\u00f3n y la cultura o el trabajo colectivo. Las cooperativas integrales, como algunas instituciones del com\u00fan tradicional, abren la posibilidad de incluir diferentes actividades en una misma organizaci\u00f3n colectiva..<\/span><\/span><\/li>\n<\/ul>\n<\/li>\n<\/ul>\n<\/li>\n<\/ul>\n<\/li>\n<\/ul>\n<\/li>\n<\/ul>\n<h4 class=\"western\">\u00bfQu\u00e9 es una cooperativa sin \u00e1nimo de lucro y de iniciativa social?<\/h4>\n<ul>\n<li style=\"list-style-type: none;\">\n<ul>\n<li style=\"list-style-type: none;\">\n<ul>\n<li style=\"list-style-type: none;\">\n<ul>\n<li style=\"list-style-type: none;\">\n<ul>\n<li>Una cooperativa sin \u00e1nimo de lucro no puede repartir beneficios entre los socios, los excedentes sirven para dotar los fondos cooperativos, para invertir en las actividades o para alcanzar el objeto social.<\/li>\n<li>Una cooperativa de iniciativa social busca resolver necesidades que el mercado no resuelve o que resuelve de forma deficiente, con especial atenci\u00f3n a aquellos sectores sociales excluidos o en riesgo de exclusi\u00f3n.<\/li>\n<\/ul>\n<\/li>\n<\/ul>\n<\/li>\n<\/ul>\n<\/li>\n<\/ul>\n<\/li>\n<\/ul>\n<div><\/div>\n<div><\/div>\n<div><\/div>\n<div><\/div>\n<div><\/div>\n<div><\/div>\n<div><\/div>\n<div><\/div>\n<div><\/div>\n<div><\/div>\n<div><\/div>\n<div><\/div>\n<div><\/div>\n<div><\/div>\n<div><\/div>\n<div><\/div>\n","protected":false},"excerpt":{"rendered":"<p>Somos una cooperativa integral de trabajo y consumo, sin \u00e1nimo de lucro y de iniciativa social creada en Catalu\u00f1a el a\u00f1o 2017, con el objetivo de consolidar un ecosistema procom\u00fan, basado en los principios del cooperativismo abierto, la autogesti\u00f3n comunitaria, &hellip; <a href=\"https:\/\/femprocomuns.coop\/es\/sobre-femprocomuns\/\">Continuar<\/a><\/p>\n","protected":false},"author":1,"featured_media":0,"parent":0,"menu_order":0,"comment_status":"closed","ping_status":"closed","template":"","meta":{"kt_blocks_editor_width":"","footnotes":""},"class_list":["post-70","page","type-page","status-publish","hentry"],"jetpack_sharing_enabled":true,"_links":{"self":[{"href":"https:\/\/femprocomuns.coop\/es\/wp-json\/wp\/v2\/pages\/70","targetHints":{"allow":["GET"]}}],"collection":[{"href":"https:\/\/femprocomuns.coop\/es\/wp-json\/wp\/v2\/pages"}],"about":[{"href":"https:\/\/femprocomuns.coop\/es\/wp-json\/wp\/v2\/types\/page"}],"author":[{"embeddable":true,"href":"https:\/\/femprocomuns.coop\/es\/wp-json\/wp\/v2\/users\/1"}],"replies":[{"embeddable":true,"href":"https:\/\/femprocomuns.coop\/es\/wp-json\/wp\/v2\/comments?post=70"}],"version-history":[{"count":20,"href":"https:\/\/femprocomuns.coop\/es\/wp-json\/wp\/v2\/pages\/70\/revisions"}],"predecessor-version":[{"id":5830,"href":"https:\/\/femprocomuns.coop\/es\/wp-json\/wp\/v2\/pages\/70\/revisions\/5830"}],"wp:attachment":[{"href":"https:\/\/femprocomuns.coop\/es\/wp-json\/wp\/v2\/media?parent=70"}],"curies":[{"name":"wp","href":"https:\/\/api.w.org\/{rel}","templated":true}]}}