{"id":822,"date":"2020-01-06T20:44:20","date_gmt":"2020-01-06T18:44:20","guid":{"rendered":"https:\/\/femprocomuns.coop\/?page_id=822"},"modified":"2020-01-06T21:30:03","modified_gmt":"2020-01-06T19:30:03","slug":"commons-camp","status":"publish","type":"page","link":"https:\/\/femprocomuns.coop\/es\/commons-camp\/","title":{"rendered":"Commons Camp"},"content":{"rendered":"<p><a href=\"https:\/\/femprocomuns.coop\/wp-content\/uploads\/2020\/01\/Cartell-CommonsCamp_yellow.jpg\"><img loading=\"lazy\" decoding=\"async\" class=\"alignleft size-medium wp-image-815\" src=\"https:\/\/femprocomuns.coop\/wp-content\/uploads\/2020\/01\/Cartell-CommonsCamp_yellow-300x244.jpg\" alt=\"\" width=\"300\" height=\"244\" srcset=\"https:\/\/femprocomuns.coop\/wp-content\/uploads\/2020\/01\/Cartell-CommonsCamp_yellow-300x244.jpg 300w, https:\/\/femprocomuns.coop\/wp-content\/uploads\/2020\/01\/Cartell-CommonsCamp_yellow-768x624.jpg 768w, https:\/\/femprocomuns.coop\/wp-content\/uploads\/2020\/01\/Cartell-CommonsCamp_yellow-1024x832.jpg 1024w\" sizes=\"auto, (max-width: 300px) 100vw, 300px\" \/><\/a><\/p>\n<p>Energ\u00eda, salud, transporte, espacio p\u00fablico, cultura, educaci\u00f3n&#8230; y tantos otros elementos b\u00e1sicos que estructuran nuestras vidas y que, sin embargo, est\u00e1n cada vez m\u00e1s sujetos a reglas del mercado. \u00bfC\u00f3mo pueden las ciudadanas preservar los usos de los recursos que consideran fundamentales? \u00bfC\u00f3mo identificar estos recursos? \u00bfC\u00f3mo promover el mayor acceso posible a estos recursos? \u00bfC\u00f3mo establecer un derecho de control ciudadano sobre su operaci\u00f3n, gesti\u00f3n y preservaci\u00f3n?<\/p>\n<h3>En resumen, \u00bfc\u00f3mo favorecer el procom\u00fan?<\/h3>\n<p>En Marsella, aunque estas preguntas existen desde hace ya tiempo, han ido ganando intensidad en los \u00faltimos tiempos: el derecho a la vivienda, el acceso a la educaci\u00f3n, el acceso a la cultura, el derecho a la ciudad, el derecho de las ciudadanas de fiscalizar o supervisar el desarrollo urbano. &#8230; \u00bfCu\u00e1les son las v\u00edas abiertas por las pr\u00e1cticas procomunes &#8230; en Francia? En Italia ? En Espa\u00f1a ? En Irlanda \u00bfC\u00f3mo adaptarlas a otras realidades? \u00bfQu\u00e9 es &#8220;reproducible&#8221;?, \u00bfCu\u00e1les son los detalles, los frenos, las palancas?<\/p>\n<p>Tres d\u00edas para hablar de ello, compartir miradas (Marsella, N\u00e1poles, Dubl\u00edn, Barcelona, Grenoble, Lyon &#8230;) y salir, esperamos, con pistas concretas.<\/p>\n<h4>D<span class=\"tlid-translation translation\" lang=\"es\"><span title=\"\">esde<\/span> <span title=\"\">femProcomuns<\/span> <span class=\"\" title=\"\">participamos<\/span> <span title=\"\">en la co-<\/span><span title=\"\">organizaci\u00f3n<\/span> <span title=\"\">de<\/span> <span title=\"\">Commons<\/span> <span title=\"\">Camp<\/span><span title=\"\">, una serie de<\/span> <span title=\"\">encuentros<\/span> <span title=\"\">de co-<\/span><span title=\"\">aprendizaje y<\/span> <span title=\"\">contribuci\u00f3n<\/span> <span title=\"\">a<\/span> <span title=\"\">procom\u00fan<\/span> <span class=\"\" title=\"\">abiertos a<\/span> <span title=\"\">todas y<\/span> <span class=\"\" title=\"\">todos<\/span><span title=\"\">.<\/span><\/span>.<\/h4>\n<p>El Commons camp es una reuni\u00f3n, una experiencia de intercambio, aprendizaje conjunto y movilizaci\u00f3n, abierta a todos.<\/p>\n<ul>\n<li>Para entrar poco a poco al procom\u00fan: poner palabras a las pr\u00e1cticas y practicar en com\u00fan!<\/li>\n<li>Comprometerse como comuneras, poner en pr\u00e1ctica los comunes en el d\u00eda a d\u00eda y contribuir a los procomunes de all\u00ed donde nos encontremos, esta vez en Marsella!<\/li>\n<li>Participar en la articulaci\u00f3n del movimiento del procom\u00fan.<\/li>\n<\/ul>\n<p>Hay una sola condici\u00f3n para participar, para compartir unos valores comunes, defender alternativas solidarias, ecol\u00f3gicas, democr\u00e1ticas, feministas, antirracistas y decoloniales.<\/p>\n<h4><span class=\"tlid-translation translation\" lang=\"es\"><span title=\"\">El pr\u00f3ximo encuentro<\/span> <span title=\"\">Commons<\/span> <span title=\"\">Camp<\/span> <span title=\"\">se har\u00e1<\/span> <span title=\"\">en Marsella<\/span> <span title=\"\">del 17<\/span> <span title=\"\">al 19 de<\/span> <span class=\"\" title=\"\">enero 2020<\/span><span title=\"\">.<\/span><\/span><\/h4>\n<ul>\n<li lang=\"ca-ES\">Lugar principal: Maison arm\u00e9nienne de la jeunesse et de la culture (MAJC) 12-14, rue Saint-Bazile, 13001 Marseille<\/li>\n<li lang=\"ca-ES\"><span class=\"tlid-translation translation\" lang=\"ca\"><span class=\"\" title=\"\"><span class=\"tlid-translation translation\" lang=\"es\"><span title=\"\">Cada<\/span> <span title=\"\">Commons<\/span> <span title=\"\">Campo<\/span> <span title=\"\">da lugar a la<\/span> <span title=\"\">producci\u00f3n de una<\/span> <span title=\"\">traza<\/span> <span title=\"\">(<\/span><span title=\"\">documentaci\u00f3n<\/span><span title=\"\">)<\/span> <span title=\"\">puesta a disposici\u00f3n<\/span> <span title=\"\">para alimentar<\/span> <span title=\"\">las pr\u00e1cticas y<\/span> <span title=\"\">el pensamiento<\/span> de activistas y comuneros<span title=\"\">.<\/span><\/span><\/span><\/span><\/li>\n<\/ul>\n<h4>C\u00f3mo implicarse y organizaci\u00f3n<\/h4>\n<p><strong><span class=\"tlid-translation translation\" lang=\"es\"><span title=\"\">Hay muchas<\/span> <span title=\"\">maneras de<\/span> <span title=\"\">implicarse,<\/span> <span title=\"\">dependiendo de los<\/span> <span title=\"\">deseos<\/span> <span class=\"\" title=\"\">y habilidades<\/span> <span class=\"\" title=\"\">de cada uno<\/span><span class=\"\" title=\"\">!<\/span><\/span><\/strong><\/p>\n<ul>\n<li>Quieres participar, explorar la realidad de los\u00a0 procomunes. \u00bfQuieres contribuir a los\u00a0 procomunes, en Marsella, en Francia, en Europa &#8211; inscr\u00edbete!<br \/>\n\u2192 <a href=\"https:\/\/frama.link\/inscription-ccmarseille2020\" target=\"_blank\" rel=\"noopener noreferrer\">https:\/\/frama.link\/inscription-ccmarseille2020<\/a><\/li>\n<li>\u00a1Quieres abordar un problema que te preocupa, iniciar o continuar un debate sobre los procomunes, compartir una experiencia, un proyecto, ayuda a construir el programa escribiendo tu propuesta en un pad!!<br \/>\n\u2192 <a href=\"https:\/\/pad.femprocomuns.cat\/CommonsCamp_Programme\" target=\"_blank\" rel=\"noopener noreferrer\">https:\/\/pad.femprocomuns.cat\/CommonsCamp_Programme<\/a><\/li>\n<li>Quieres participar en la articulaci\u00f3n del movimiento procom\u00fan, unirte a los grupos que ya existen: Laboratorio de documentaci\u00f3n del procom\u00fan, la Asamblea de lugares intermedios e independientes, Herramientas legales para el procom\u00fan, o sugerir lo que falta!<br \/>\n\u2192 contactos: <a href=\"mailto:ccmarseille2020@bienscommuns.org\" target=\"_blank\" rel=\"noopener noreferrer\">ccmarseille2020@bienscommuns.org\u00a0<\/a>Riot : #commonscamp:matrix.org<\/li>\n<li>Quieres participar en la organizaci\u00f3n de la reuni\u00f3n en Marsella y las siguientes uni\u00e9ndote al colectivo organizador. Cont\u00e1ctanos: <a href=\"mailto:ccmarseille2020@bienscommuns.org\" target=\"_blank\" rel=\"noopener noreferrer\">ccmarseille2020@bienscommuns.org<\/a><\/li>\n<\/ul>\n<p><strong>Acogida y precios inclusivos<br \/>\n<\/strong><\/p>\n<p><span lang=\"ca-ES\"><span class=\"tlid-translation translation\" lang=\"es\"><span title=\"\">El encuentro<\/span> <span title=\"\">cuesta<\/span> <span title=\"\">dinero!<\/span> <span title=\"\">Commons<\/span> <span title=\"\">Camp<\/span> <span title=\"\">dispone de recursos<\/span> <span title=\"\">limitados<\/span> <span title=\"\">para financiar<\/span><span title=\"\">,<\/span> <span title=\"\">prioritariamente<\/span><span title=\"\">,<\/span> <span title=\"\">los viajes<\/span> <span title=\"\">de los participantes<\/span> <span title=\"\">que vienen<\/span> <span title=\"\">de Europa<\/span> <span title=\"\">(<\/span><span title=\"\">fuera<\/span> <span title=\"\">de<\/span> <span title=\"\">Francia)<\/span> <span title=\"\">o que<\/span> <span title=\"\">forman<\/span> <span title=\"\">parte de la organizaci\u00f3n<\/span> <span title=\"\">del encuentro<\/span><span title=\"\">,<\/span> <span title=\"\">estos recursos<\/span> <span title=\"\">hay que<\/span> <span title=\"\">complementarlos con<\/span> <span title=\"\">las aportaciones<\/span> <span title=\"\">de todos y<\/span> <span title=\"\">todas<\/span><span title=\"\">, con<\/span><span title=\"\"> un precio<\/span> <span title=\"\">abierto<\/span><span title=\"\">.<\/span> <span title=\"\">Se espera<\/span> <span class=\"\" title=\"\">que cada<\/span> <span title=\"\">organizaci\u00f3n<\/span> <span title=\"\">contribuya en<\/span> <span title=\"\">la medida<\/span> <span title=\"\">de sus posibilidades<\/span><span title=\"\">.<\/span><\/span><\/span><\/p>\n<h4><span lang=\"ca-ES\">Compartir, debatir, organitzar y celebrar los comuns<\/span><\/h4>\n<p><strong>Idiomes<\/strong><\/p>\n<p><span lang=\"ca-ES\">El encuentro ser\u00e1 principalmente en franc\u00e9s. Se presta especial atenci\u00f3n al primero de los procomunes, nuestra lengua. Intentaremos documentar y establecer traducciones simult\u00e1neas en varios idiomas para facilitar y fomentar los intercambios en su diversidad (franc\u00e9s, italiano, espa\u00f1ol, ingl\u00e9s, \u00e1rabe, catal\u00e1n&#8230;).<\/span><\/p>\n<h4><span lang=\"ca-ES\">Qui\u00e9n lo organiza<br \/>\n<\/span><\/h4>\n<div class=\"row\"> <div class=\"col-md-6\">\n<strong>Militantes marsellesas:<\/strong><\/p>\n<ul>\n<li>Brouettes et Compagnies<\/li>\n<li>Un Centre Ville Pour Tous<\/li>\n<li>B.A.Balexadd content here<\/li>\n<li>Etats G\u00e9n\u00e9raux de Marseille<\/li>\n<li>Eau bien commun<\/li>\n<li>La D\u00e9viation<\/li>\n<li>Le Comptoir de la Victorine<\/li>\n<\/ul>\n<\/div><div class=\"col-md-6\">\n<p><strong><span class=\"tlid-translation translation\" lang=\"es\"><span title=\"\">Entidades que<\/span> <span class=\"\" title=\"\">contribuyen<\/span> <span title=\"\">desde otros lugares<\/span> <span title=\"\">de Francia y<\/span> <span title=\"\">Europa:<\/span><\/span><\/strong><\/p>\n<ul>\n<li>Remix the Commons<\/li>\n<li>Artfactories\/autresparts<\/li>\n<li>Asilo Filangeri (N\u00e0pols),<\/li>\n<li>Assembl\u00e9e des Communs de Grenoble<\/li>\n<li>femProcomuns (Barcelona)<\/li>\n<li>Association Planning<\/li>\n<li>SYNAVI<\/li>\n<\/ul>\n<\/div><\/div>\n<p>Participan numerosas organizaciones: Radio Grenouille, Collectif les Communs dans la Cit\u00e9, Communa Bruxelles, Irish Commons Assembly, France Active \u2013 ESIA,&#8230;<\/p>\n<article>(Consultad el <a href=\"https:\/\/commonscamp.cc\/Marseille2020\/Programme\/index-es\" target=\"_blank\" rel=\"noopener noreferrer\">Programa de Marsella<\/a>, a\u00fan en construcci\u00f3n)\u00a0<\/article>\n<p><a href=\"https:\/\/femprocomuns.coop\/wp-content\/uploads\/2019\/12\/Cartell-CommonsCamp.jpg\"><img loading=\"lazy\" decoding=\"async\" class=\"aligncenter wp-image-782 size-large\" src=\"https:\/\/femprocomuns.coop\/wp-content\/uploads\/2019\/12\/Cartell-CommonsCamp-724x1024.jpg\" alt=\"\" width=\"724\" height=\"1024\" srcset=\"https:\/\/femprocomuns.coop\/wp-content\/uploads\/2019\/12\/Cartell-CommonsCamp-724x1024.jpg 724w, https:\/\/femprocomuns.coop\/wp-content\/uploads\/2019\/12\/Cartell-CommonsCamp-212x300.jpg 212w, https:\/\/femprocomuns.coop\/wp-content\/uploads\/2019\/12\/Cartell-CommonsCamp-768x1086.jpg 768w, https:\/\/femprocomuns.coop\/wp-content\/uploads\/2019\/12\/Cartell-CommonsCamp.jpg 905w\" sizes=\"auto, (max-width: 724px) 100vw, 724px\" \/><\/a><\/p>\n","protected":false},"excerpt":{"rendered":"<p>Energ\u00eda, salud, transporte, espacio p\u00fablico, cultura, educaci\u00f3n&#8230; y tantos otros elementos b\u00e1sicos que estructuran nuestras vidas y que, sin embargo, est\u00e1n cada vez m\u00e1s sujetos a reglas del mercado. \u00bfC\u00f3mo pueden las ciudadanas preservar los usos de los recursos que &hellip; <a href=\"https:\/\/femprocomuns.coop\/es\/commons-camp\/\">Continuar<\/a><\/p>\n","protected":false},"author":1,"featured_media":784,"parent":0,"menu_order":0,"comment_status":"closed","ping_status":"closed","template":"","meta":{"kt_blocks_editor_width":"","footnotes":""},"class_list":["post-822","page","type-page","status-publish","has-post-thumbnail","hentry"],"jetpack_sharing_enabled":true,"_links":{"self":[{"href":"https:\/\/femprocomuns.coop\/es\/wp-json\/wp\/v2\/pages\/822","targetHints":{"allow":["GET"]}}],"collection":[{"href":"https:\/\/femprocomuns.coop\/es\/wp-json\/wp\/v2\/pages"}],"about":[{"href":"https:\/\/femprocomuns.coop\/es\/wp-json\/wp\/v2\/types\/page"}],"author":[{"embeddable":true,"href":"https:\/\/femprocomuns.coop\/es\/wp-json\/wp\/v2\/users\/1"}],"replies":[{"embeddable":true,"href":"https:\/\/femprocomuns.coop\/es\/wp-json\/wp\/v2\/comments?post=822"}],"version-history":[{"count":4,"href":"https:\/\/femprocomuns.coop\/es\/wp-json\/wp\/v2\/pages\/822\/revisions"}],"predecessor-version":[{"id":843,"href":"https:\/\/femprocomuns.coop\/es\/wp-json\/wp\/v2\/pages\/822\/revisions\/843"}],"wp:featuredmedia":[{"embeddable":true,"href":"https:\/\/femprocomuns.coop\/es\/wp-json\/wp\/v2\/media\/784"}],"wp:attachment":[{"href":"https:\/\/femprocomuns.coop\/es\/wp-json\/wp\/v2\/media?parent=822"}],"curies":[{"name":"wp","href":"https:\/\/api.w.org\/{rel}","templated":true}]}}